{"id":10,"date":"2019-03-07T11:11:15","date_gmt":"2019-03-07T14:11:15","guid":{"rendered":"http:\/\/modulax.com.br\/site\/?page_id=10"},"modified":"2019-07-11T16:24:34","modified_gmt":"2019-07-11T19:24:34","slug":"institucional","status":"publish","type":"page","link":"https:\/\/modulax.com.br\/en\/institutional\/","title":{"rendered":"Institutional"},"content":{"rendered":"<p><\/p>\n<p>Modulax is the result of a remarkable trajectory of entrepreneurship that began in 2006. Basing its activities on the concept of modernity and efficiency, it combines innovation and contemporary sustainable posture, aiming always to offer the best constructive and profitable solutions in its various areas of operation. Throughout its existence, Modulax has grown and consolidated itself, becoming recognized in the international scenario, both for the quality of its projects and for its innovative and entrepreneurial management. The main companies that make up the Group operate in the areas of steelworks and mining.<\/p>\n<p>&nbsp;<\/p>\n<h2><span style=\"color: #fc5000;\"><strong>OUR MISSION<\/strong><\/span><\/h2>\n<hr \/>\n<p>Develop the best products and effective solutions to meet, in a sustainable way, the most diverse needs of our customers in the areas of mining and steelworks.<\/p>\n<p>&nbsp;<\/p>\n<h2><span style=\"color: #fc5000;\"><strong>OUR VISION<\/strong><\/span><\/h2>\n<hr \/>\n<p>To be a reference for our customers, employees, suppliers, partners, and the community as the best and most reliable option in solutions for mining and steelworks.<\/p>\n<p>&nbsp;<\/p>\n<h2><span style=\"color: #fc5000;\"><strong>OUR VALUES<\/strong><\/span><\/h2>\n<hr \/>\n<p>Preservation of ethics and integrity in all relations, maintaining transparency and veracity of information; developing economic, environmental, and social sustainability and valuing the well-being of people; customers with the generation of quality results.<\/p>\n<p>&nbsp;<\/p>\n<p>&nbsp;<\/p>\n<p><\/p>","protected":false},"excerpt":{"rendered":"<p>Founded in 2006, Grupo Modulax specializes in the creation of projects for the assembly and implementation of industrial plants intended for the areas of steelworks and mining.<br \/>\nIt is currently considered a benchmark in its field of activity, with operations in Brazil, Latin America, and Africa. With innovative solutions and modern equipment, we guarantee results that provide lower cost of production and greater profitability to projects.<\/p>\n","protected":false},"author":4,"featured_media":153,"parent":0,"menu_order":0,"comment_status":"closed","ping_status":"closed","template":"template-group.php","meta":[],"yoast_head":"<!-- This site is optimized with the Yoast SEO plugin v17.3 - https:\/\/yoast.com\/wordpress\/plugins\/seo\/ -->\n<title>Institutional &raquo; Grupo Modulax<\/title>\n<meta name=\"robots\" content=\"index, follow, max-snippet:-1, max-image-preview:large, max-video-preview:-1\" \/>\n<link rel=\"canonical\" href=\"https:\/\/modulax.com.br\/institucional\/\" \/>\n<meta property=\"og:locale\" content=\"en_US\" \/>\n<meta property=\"og:type\" content=\"article\" \/>\n<meta property=\"og:title\" content=\"Institutional &raquo; Grupo Modulax\" \/>\n<meta property=\"og:description\" content=\"[:pb]Fundado em 2006, o Grupo Modulax \u00e9 especializado na cria\u00e7\u00e3o de projetos para montagem e implanta\u00e7\u00e3o de plantas industriais destinadas \u00e0s \u00e1reas de siderurgia e minera\u00e7\u00e3o. Atualmente \u00e9 considerado refer\u00eancia em seu ramo de atua\u00e7\u00e3o, com opera\u00e7\u00f5es no Brasil, Am\u00e9rica Latina e \u00c1frica. Com solu\u00e7\u00f5es inovadoras e equipamentos modernos, garantimos resultados que proporcionam menor custo de produ\u00e7\u00e3o e maior rentabilidade aos projetos.[:en]Founded in 2006, Grupo Modulax specializes in the creation of projects for the assembly and implementation of industrial plants intended for the areas of steelworks and mining.  It is currently considered a benchmark in its field of activity, with operations in Brazil, Latin America, and Africa. With innovative solutions and modern equipment, we guarantee results that provide lower cost of production and greater profitability to projects. [:es]Fundado en 2006, la especialidad del Grupo Modulax es la creaci\u00f3n de proyectos para el montaje e implantaci\u00f3n de plantas industriales para las \u00e1reas de acero y miner\u00eda. Actualmente es visto como un punto de referencia en su campo de acci\u00f3n, con operaciones en Brasil, Am\u00e9rica Latina y \u00c1frica. Con soluciones innovadoras y equipos modernos, garantizamos resultados que ofrecen costos m\u00e1s bajos de producci\u00f3n y rentabilidad m\u00e1s alta para los proyectos.[:]\" \/>\n<meta property=\"og:url\" content=\"https:\/\/modulax.com.br\/institucional\/\" \/>\n<meta property=\"og:site_name\" content=\"Grupo Modulax\" \/>\n<meta property=\"article:publisher\" content=\"https:\/\/www.facebook.com\/Modulax-165285097001690\/\" \/>\n<meta property=\"article:modified_time\" content=\"2019-07-11T19:24:34+00:00\" \/>\n<meta property=\"og:image\" content=\"https:\/\/modulax.com.br\/site\/wp-content\/uploads\/2019\/03\/banner-institucional.jpg\" \/>\n\t<meta property=\"og:image:width\" content=\"1920\" \/>\n\t<meta property=\"og:image:height\" content=\"353\" \/>\n<meta name=\"twitter:card\" content=\"summary_large_image\" \/>\n<meta name=\"twitter:label1\" content=\"Est. reading time\" \/>\n\t<meta name=\"twitter:data1\" content=\"3 minutes\" \/>\n<script type=\"application\/ld+json\" class=\"yoast-schema-graph\">{\"@context\":\"https:\/\/schema.org\",\"@graph\":[{\"@type\":\"Organization\",\"@id\":\"https:\/\/modulax.com.br\/#organization\",\"name\":\"Grupo Modulax\",\"url\":\"https:\/\/modulax.com.br\/\",\"sameAs\":[\"https:\/\/www.facebook.com\/Modulax-165285097001690\/\",\"https:\/\/www.instagram.com\/modulax\/\"],\"logo\":{\"@type\":\"ImageObject\",\"@id\":\"https:\/\/modulax.com.br\/#logo\",\"inLanguage\":\"en-US\",\"url\":\"http:\/\/modulax.com.br\/site\/wp-content\/uploads\/2019\/03\/logo-1.png\",\"contentUrl\":\"http:\/\/modulax.com.br\/site\/wp-content\/uploads\/2019\/03\/logo-1.png\",\"width\":1309,\"height\":200,\"caption\":\"Grupo Modulax\"},\"image\":{\"@id\":\"https:\/\/modulax.com.br\/#logo\"}},{\"@type\":\"WebSite\",\"@id\":\"https:\/\/modulax.com.br\/#website\",\"url\":\"https:\/\/modulax.com.br\/\",\"name\":\"Grupo Modulax\",\"description\":\"\",\"publisher\":{\"@id\":\"https:\/\/modulax.com.br\/#organization\"},\"potentialAction\":[{\"@type\":\"SearchAction\",\"target\":{\"@type\":\"EntryPoint\",\"urlTemplate\":\"https:\/\/modulax.com.br\/?s={search_term_string}\"},\"query-input\":\"required name=search_term_string\"}],\"inLanguage\":\"en-US\"},{\"@type\":\"ImageObject\",\"@id\":\"https:\/\/modulax.com.br\/institucional\/#primaryimage\",\"inLanguage\":\"en-US\",\"url\":\"https:\/\/modulax.com.br\/site\/wp-content\/uploads\/2019\/03\/banner-institucional.jpg\",\"contentUrl\":\"https:\/\/modulax.com.br\/site\/wp-content\/uploads\/2019\/03\/banner-institucional.jpg\",\"width\":1920,\"height\":353},{\"@type\":\"WebPage\",\"@id\":\"https:\/\/modulax.com.br\/institucional\/#webpage\",\"url\":\"https:\/\/modulax.com.br\/institucional\/\",\"name\":\"Institutional &raquo; Grupo Modulax\",\"isPartOf\":{\"@id\":\"https:\/\/modulax.com.br\/#website\"},\"primaryImageOfPage\":{\"@id\":\"https:\/\/modulax.com.br\/institucional\/#primaryimage\"},\"datePublished\":\"2019-03-07T14:11:15+00:00\",\"dateModified\":\"2019-07-11T19:24:34+00:00\",\"breadcrumb\":{\"@id\":\"https:\/\/modulax.com.br\/institucional\/#breadcrumb\"},\"inLanguage\":\"en-US\",\"potentialAction\":[{\"@type\":\"ReadAction\",\"target\":[\"https:\/\/modulax.com.br\/institucional\/\"]}]},{\"@type\":\"BreadcrumbList\",\"@id\":\"https:\/\/modulax.com.br\/institucional\/#breadcrumb\",\"itemListElement\":[{\"@type\":\"ListItem\",\"position\":1,\"name\":\"In\\u00edcio\",\"item\":\"https:\/\/modulax.com.br\/\"},{\"@type\":\"ListItem\",\"position\":2,\"name\":\"Institucional\"}]}]}<\/script>\n<!-- \/ Yoast SEO plugin. -->","yoast_head_json":{"title":"Institutional &raquo; Grupo Modulax","robots":{"index":"index","follow":"follow","max-snippet":"max-snippet:-1","max-image-preview":"max-image-preview:large","max-video-preview":"max-video-preview:-1"},"canonical":"https:\/\/modulax.com.br\/institucional\/","og_locale":"en_US","og_type":"article","og_title":"Institutional &raquo; Grupo Modulax","og_description":"[:pb]Fundado em 2006, o Grupo Modulax \u00e9 especializado na cria\u00e7\u00e3o de projetos para montagem e implanta\u00e7\u00e3o de plantas industriais destinadas \u00e0s \u00e1reas de siderurgia e minera\u00e7\u00e3o. Atualmente \u00e9 considerado refer\u00eancia em seu ramo de atua\u00e7\u00e3o, com opera\u00e7\u00f5es no Brasil, Am\u00e9rica Latina e \u00c1frica. Com solu\u00e7\u00f5es inovadoras e equipamentos modernos, garantimos resultados que proporcionam menor custo de produ\u00e7\u00e3o e maior rentabilidade aos projetos.[:en]Founded in 2006, Grupo Modulax specializes in the creation of projects for the assembly and implementation of industrial plants intended for the areas of steelworks and mining.  It is currently considered a benchmark in its field of activity, with operations in Brazil, Latin America, and Africa. With innovative solutions and modern equipment, we guarantee results that provide lower cost of production and greater profitability to projects. [:es]Fundado en 2006, la especialidad del Grupo Modulax es la creaci\u00f3n de proyectos para el montaje e implantaci\u00f3n de plantas industriales para las \u00e1reas de acero y miner\u00eda. Actualmente es visto como un punto de referencia en su campo de acci\u00f3n, con operaciones en Brasil, Am\u00e9rica Latina y \u00c1frica. Con soluciones innovadoras y equipos modernos, garantizamos resultados que ofrecen costos m\u00e1s bajos de producci\u00f3n y rentabilidad m\u00e1s alta para los proyectos.[:]","og_url":"https:\/\/modulax.com.br\/institucional\/","og_site_name":"Grupo Modulax","article_publisher":"https:\/\/www.facebook.com\/Modulax-165285097001690\/","article_modified_time":"2019-07-11T19:24:34+00:00","og_image":[{"width":1920,"height":353,"url":"https:\/\/modulax.com.br\/site\/wp-content\/uploads\/2019\/03\/banner-institucional.jpg","type":"image\/jpeg"}],"twitter_card":"summary_large_image","twitter_misc":{"Est. reading time":"3 minutes"},"schema":{"@context":"https:\/\/schema.org","@graph":[{"@type":"Organization","@id":"https:\/\/modulax.com.br\/#organization","name":"Grupo Modulax","url":"https:\/\/modulax.com.br\/","sameAs":["https:\/\/www.facebook.com\/Modulax-165285097001690\/","https:\/\/www.instagram.com\/modulax\/"],"logo":{"@type":"ImageObject","@id":"https:\/\/modulax.com.br\/#logo","inLanguage":"en-US","url":"http:\/\/modulax.com.br\/site\/wp-content\/uploads\/2019\/03\/logo-1.png","contentUrl":"http:\/\/modulax.com.br\/site\/wp-content\/uploads\/2019\/03\/logo-1.png","width":1309,"height":200,"caption":"Grupo Modulax"},"image":{"@id":"https:\/\/modulax.com.br\/#logo"}},{"@type":"WebSite","@id":"https:\/\/modulax.com.br\/#website","url":"https:\/\/modulax.com.br\/","name":"Grupo Modulax","description":"","publisher":{"@id":"https:\/\/modulax.com.br\/#organization"},"potentialAction":[{"@type":"SearchAction","target":{"@type":"EntryPoint","urlTemplate":"https:\/\/modulax.com.br\/?s={search_term_string}"},"query-input":"required name=search_term_string"}],"inLanguage":"en-US"},{"@type":"ImageObject","@id":"https:\/\/modulax.com.br\/institucional\/#primaryimage","inLanguage":"en-US","url":"https:\/\/modulax.com.br\/site\/wp-content\/uploads\/2019\/03\/banner-institucional.jpg","contentUrl":"https:\/\/modulax.com.br\/site\/wp-content\/uploads\/2019\/03\/banner-institucional.jpg","width":1920,"height":353},{"@type":"WebPage","@id":"https:\/\/modulax.com.br\/institucional\/#webpage","url":"https:\/\/modulax.com.br\/institucional\/","name":"Institutional &raquo; Grupo Modulax","isPartOf":{"@id":"https:\/\/modulax.com.br\/#website"},"primaryImageOfPage":{"@id":"https:\/\/modulax.com.br\/institucional\/#primaryimage"},"datePublished":"2019-03-07T14:11:15+00:00","dateModified":"2019-07-11T19:24:34+00:00","breadcrumb":{"@id":"https:\/\/modulax.com.br\/institucional\/#breadcrumb"},"inLanguage":"en-US","potentialAction":[{"@type":"ReadAction","target":["https:\/\/modulax.com.br\/institucional\/"]}]},{"@type":"BreadcrumbList","@id":"https:\/\/modulax.com.br\/institucional\/#breadcrumb","itemListElement":[{"@type":"ListItem","position":1,"name":"In\u00edcio","item":"https:\/\/modulax.com.br\/"},{"@type":"ListItem","position":2,"name":"Institucional"}]}]}},"_links":{"self":[{"href":"https:\/\/modulax.com.br\/en\/wp-json\/wp\/v2\/pages\/10"}],"collection":[{"href":"https:\/\/modulax.com.br\/en\/wp-json\/wp\/v2\/pages"}],"about":[{"href":"https:\/\/modulax.com.br\/en\/wp-json\/wp\/v2\/types\/page"}],"author":[{"embeddable":true,"href":"https:\/\/modulax.com.br\/en\/wp-json\/wp\/v2\/users\/4"}],"replies":[{"embeddable":true,"href":"https:\/\/modulax.com.br\/en\/wp-json\/wp\/v2\/comments?post=10"}],"version-history":[{"count":35,"href":"https:\/\/modulax.com.br\/en\/wp-json\/wp\/v2\/pages\/10\/revisions"}],"predecessor-version":[{"id":2776,"href":"https:\/\/modulax.com.br\/en\/wp-json\/wp\/v2\/pages\/10\/revisions\/2776"}],"wp:featuredmedia":[{"embeddable":true,"href":"https:\/\/modulax.com.br\/en\/wp-json\/wp\/v2\/media\/153"}],"wp:attachment":[{"href":"https:\/\/modulax.com.br\/en\/wp-json\/wp\/v2\/media?parent=10"}],"curies":[{"name":"wp","href":"https:\/\/api.w.org\/{rel}","templated":true}]}}