{"id":13,"date":"2019-03-07T11:12:18","date_gmt":"2019-03-07T14:12:18","guid":{"rendered":"http:\/\/modulax.com.br\/site\/?page_id=13"},"modified":"2019-07-11T16:16:52","modified_gmt":"2019-07-11T19:16:52","slug":"atuacao","status":"publish","type":"page","link":"https:\/\/modulax.com.br\/en\/operation\/","title":{"rendered":"Operation"},"content":{"rendered":"<p><\/p>\n<p>Throughout more than a decade of history, MODULAX has accumulated experience in the mining and metalwork sector and has consolidated its brand in the pig iron production market, with solutions ranging from mining to production plants.<\/p>\n<p>In recent years the Group has diversified its range of operations, with businesses in other areas besides steelworks and mining.<\/p>\n<p>Currently, the Group is formed by two companies: Modulax Ind\u00fastria e Com\u00e9rcio and Modulax Siderurgia, in addition to participating in other initiatives and projects inside and outside the country.<\/p>\n<p><\/p>","protected":false},"excerpt":{"rendered":"<p>A Modulax tem por voca\u00e7\u00e3o criar solu\u00e7\u00f5es de engenharia personalizadas, de forma sustent\u00e1vel, em todos os setores de atua\u00e7\u00e3o. Bem integrada e recomendada nos segmentos da ind\u00fastria do ferro e minera\u00e7\u00e3o, a empresa possui know-how pr\u00f3prio, al\u00e9m de parcerias de renome mundial, que permitem oferecer as melhores solu\u00e7\u00f5es mais completas para os seus clientes.<\/p>\n","protected":false},"author":4,"featured_media":153,"parent":0,"menu_order":0,"comment_status":"closed","ping_status":"closed","template":"template-action.php","meta":[],"yoast_head":"<!-- This site is optimized with the Yoast SEO plugin v17.3 - https:\/\/yoast.com\/wordpress\/plugins\/seo\/ -->\n<title>Operation &raquo; Grupo Modulax<\/title>\n<meta name=\"robots\" content=\"index, follow, max-snippet:-1, max-image-preview:large, max-video-preview:-1\" \/>\n<link rel=\"canonical\" href=\"https:\/\/modulax.com.br\/es\/actuacion\/\" \/>\n<meta property=\"og:locale\" content=\"en_US\" \/>\n<meta property=\"og:type\" content=\"article\" \/>\n<meta property=\"og:title\" content=\"Operation &raquo; Grupo Modulax\" \/>\n<meta property=\"og:description\" content=\"[:pb]A Modulax tem por voca\u00e7\u00e3o criar solu\u00e7\u00f5es de engenharia personalizadas, de forma sustent\u00e1vel, em todos os setores de atua\u00e7\u00e3o. Bem integrada e recomendada nos segmentos da ind\u00fastria do ferro e minera\u00e7\u00e3o, a empresa possui know-how pr\u00f3prio, al\u00e9m de parcerias de renome mundial, que permitem oferecer as melhores solu\u00e7\u00f5es mais completas para os seus clientes.[:es]La vocaci\u00f3n primaria de Modulax es crear soluciones de ingenier\u00eda personalizadas, de manera sostenible, en todos los sectores de actividad. Bien integrada y recomendada en los segmentos de la industria del hierro y la miner\u00eda, la compa\u00f1\u00eda tiene su propio know-how, as\u00ed como asociaciones de renombre mundial, que permiten ofrecerles las mejores soluciones completas a sus clientes.[:]\" \/>\n<meta property=\"og:url\" content=\"https:\/\/modulax.com.br\/es\/actuacion\/\" \/>\n<meta property=\"og:site_name\" content=\"Grupo Modulax\" \/>\n<meta property=\"article:publisher\" content=\"https:\/\/www.facebook.com\/Modulax-165285097001690\/\" \/>\n<meta property=\"article:modified_time\" content=\"2019-07-11T19:16:52+00:00\" \/>\n<meta property=\"og:image\" content=\"https:\/\/modulax.com.br\/site\/wp-content\/uploads\/2019\/03\/banner-institucional.jpg\" \/>\n\t<meta property=\"og:image:width\" content=\"1920\" \/>\n\t<meta property=\"og:image:height\" content=\"353\" \/>\n<meta name=\"twitter:card\" content=\"summary_large_image\" \/>\n<meta name=\"twitter:label1\" content=\"Est. reading time\" \/>\n\t<meta name=\"twitter:data1\" content=\"2 minutes\" \/>\n<script type=\"application\/ld+json\" class=\"yoast-schema-graph\">{\"@context\":\"https:\/\/schema.org\",\"@graph\":[{\"@type\":\"Organization\",\"@id\":\"https:\/\/modulax.com.br\/#organization\",\"name\":\"Grupo Modulax\",\"url\":\"https:\/\/modulax.com.br\/\",\"sameAs\":[\"https:\/\/www.facebook.com\/Modulax-165285097001690\/\",\"https:\/\/www.instagram.com\/modulax\/\"],\"logo\":{\"@type\":\"ImageObject\",\"@id\":\"https:\/\/modulax.com.br\/#logo\",\"inLanguage\":\"en-US\",\"url\":\"http:\/\/modulax.com.br\/site\/wp-content\/uploads\/2019\/03\/logo-1.png\",\"contentUrl\":\"http:\/\/modulax.com.br\/site\/wp-content\/uploads\/2019\/03\/logo-1.png\",\"width\":1309,\"height\":200,\"caption\":\"Grupo Modulax\"},\"image\":{\"@id\":\"https:\/\/modulax.com.br\/#logo\"}},{\"@type\":\"WebSite\",\"@id\":\"https:\/\/modulax.com.br\/#website\",\"url\":\"https:\/\/modulax.com.br\/\",\"name\":\"Grupo Modulax\",\"description\":\"\",\"publisher\":{\"@id\":\"https:\/\/modulax.com.br\/#organization\"},\"potentialAction\":[{\"@type\":\"SearchAction\",\"target\":{\"@type\":\"EntryPoint\",\"urlTemplate\":\"https:\/\/modulax.com.br\/?s={search_term_string}\"},\"query-input\":\"required name=search_term_string\"}],\"inLanguage\":\"en-US\"},{\"@type\":\"ImageObject\",\"@id\":\"https:\/\/modulax.com.br\/es\/actuacion\/#primaryimage\",\"inLanguage\":\"en-US\",\"url\":\"https:\/\/modulax.com.br\/site\/wp-content\/uploads\/2019\/03\/banner-institucional.jpg\",\"contentUrl\":\"https:\/\/modulax.com.br\/site\/wp-content\/uploads\/2019\/03\/banner-institucional.jpg\",\"width\":1920,\"height\":353},{\"@type\":\"WebPage\",\"@id\":\"https:\/\/modulax.com.br\/es\/actuacion\/#webpage\",\"url\":\"https:\/\/modulax.com.br\/es\/actuacion\/\",\"name\":\"Operation &raquo; Grupo Modulax\",\"isPartOf\":{\"@id\":\"https:\/\/modulax.com.br\/#website\"},\"primaryImageOfPage\":{\"@id\":\"https:\/\/modulax.com.br\/es\/actuacion\/#primaryimage\"},\"datePublished\":\"2019-03-07T14:12:18+00:00\",\"dateModified\":\"2019-07-11T19:16:52+00:00\",\"breadcrumb\":{\"@id\":\"https:\/\/modulax.com.br\/es\/actuacion\/#breadcrumb\"},\"inLanguage\":\"en-US\",\"potentialAction\":[{\"@type\":\"ReadAction\",\"target\":[\"https:\/\/modulax.com.br\/es\/actuacion\/\"]}]},{\"@type\":\"BreadcrumbList\",\"@id\":\"https:\/\/modulax.com.br\/es\/actuacion\/#breadcrumb\",\"itemListElement\":[{\"@type\":\"ListItem\",\"position\":1,\"name\":\"In\\u00edcio\",\"item\":\"https:\/\/modulax.com.br\/\"},{\"@type\":\"ListItem\",\"position\":2,\"name\":\"Actuaci\\u00f3n\"}]}]}<\/script>\n<!-- \/ Yoast SEO plugin. -->","yoast_head_json":{"title":"Operation &raquo; Grupo Modulax","robots":{"index":"index","follow":"follow","max-snippet":"max-snippet:-1","max-image-preview":"max-image-preview:large","max-video-preview":"max-video-preview:-1"},"canonical":"https:\/\/modulax.com.br\/es\/actuacion\/","og_locale":"en_US","og_type":"article","og_title":"Operation &raquo; Grupo Modulax","og_description":"[:pb]A Modulax tem por voca\u00e7\u00e3o criar solu\u00e7\u00f5es de engenharia personalizadas, de forma sustent\u00e1vel, em todos os setores de atua\u00e7\u00e3o. Bem integrada e recomendada nos segmentos da ind\u00fastria do ferro e minera\u00e7\u00e3o, a empresa possui know-how pr\u00f3prio, al\u00e9m de parcerias de renome mundial, que permitem oferecer as melhores solu\u00e7\u00f5es mais completas para os seus clientes.[:es]La vocaci\u00f3n primaria de Modulax es crear soluciones de ingenier\u00eda personalizadas, de manera sostenible, en todos los sectores de actividad. Bien integrada y recomendada en los segmentos de la industria del hierro y la miner\u00eda, la compa\u00f1\u00eda tiene su propio know-how, as\u00ed como asociaciones de renombre mundial, que permiten ofrecerles las mejores soluciones completas a sus clientes.[:]","og_url":"https:\/\/modulax.com.br\/es\/actuacion\/","og_site_name":"Grupo Modulax","article_publisher":"https:\/\/www.facebook.com\/Modulax-165285097001690\/","article_modified_time":"2019-07-11T19:16:52+00:00","og_image":[{"width":1920,"height":353,"url":"https:\/\/modulax.com.br\/site\/wp-content\/uploads\/2019\/03\/banner-institucional.jpg","type":"image\/jpeg"}],"twitter_card":"summary_large_image","twitter_misc":{"Est. reading time":"2 minutes"},"schema":{"@context":"https:\/\/schema.org","@graph":[{"@type":"Organization","@id":"https:\/\/modulax.com.br\/#organization","name":"Grupo Modulax","url":"https:\/\/modulax.com.br\/","sameAs":["https:\/\/www.facebook.com\/Modulax-165285097001690\/","https:\/\/www.instagram.com\/modulax\/"],"logo":{"@type":"ImageObject","@id":"https:\/\/modulax.com.br\/#logo","inLanguage":"en-US","url":"http:\/\/modulax.com.br\/site\/wp-content\/uploads\/2019\/03\/logo-1.png","contentUrl":"http:\/\/modulax.com.br\/site\/wp-content\/uploads\/2019\/03\/logo-1.png","width":1309,"height":200,"caption":"Grupo Modulax"},"image":{"@id":"https:\/\/modulax.com.br\/#logo"}},{"@type":"WebSite","@id":"https:\/\/modulax.com.br\/#website","url":"https:\/\/modulax.com.br\/","name":"Grupo Modulax","description":"","publisher":{"@id":"https:\/\/modulax.com.br\/#organization"},"potentialAction":[{"@type":"SearchAction","target":{"@type":"EntryPoint","urlTemplate":"https:\/\/modulax.com.br\/?s={search_term_string}"},"query-input":"required name=search_term_string"}],"inLanguage":"en-US"},{"@type":"ImageObject","@id":"https:\/\/modulax.com.br\/es\/actuacion\/#primaryimage","inLanguage":"en-US","url":"https:\/\/modulax.com.br\/site\/wp-content\/uploads\/2019\/03\/banner-institucional.jpg","contentUrl":"https:\/\/modulax.com.br\/site\/wp-content\/uploads\/2019\/03\/banner-institucional.jpg","width":1920,"height":353},{"@type":"WebPage","@id":"https:\/\/modulax.com.br\/es\/actuacion\/#webpage","url":"https:\/\/modulax.com.br\/es\/actuacion\/","name":"Operation &raquo; Grupo Modulax","isPartOf":{"@id":"https:\/\/modulax.com.br\/#website"},"primaryImageOfPage":{"@id":"https:\/\/modulax.com.br\/es\/actuacion\/#primaryimage"},"datePublished":"2019-03-07T14:12:18+00:00","dateModified":"2019-07-11T19:16:52+00:00","breadcrumb":{"@id":"https:\/\/modulax.com.br\/es\/actuacion\/#breadcrumb"},"inLanguage":"en-US","potentialAction":[{"@type":"ReadAction","target":["https:\/\/modulax.com.br\/es\/actuacion\/"]}]},{"@type":"BreadcrumbList","@id":"https:\/\/modulax.com.br\/es\/actuacion\/#breadcrumb","itemListElement":[{"@type":"ListItem","position":1,"name":"In\u00edcio","item":"https:\/\/modulax.com.br\/"},{"@type":"ListItem","position":2,"name":"Actuaci\u00f3n"}]}]}},"_links":{"self":[{"href":"https:\/\/modulax.com.br\/en\/wp-json\/wp\/v2\/pages\/13"}],"collection":[{"href":"https:\/\/modulax.com.br\/en\/wp-json\/wp\/v2\/pages"}],"about":[{"href":"https:\/\/modulax.com.br\/en\/wp-json\/wp\/v2\/types\/page"}],"author":[{"embeddable":true,"href":"https:\/\/modulax.com.br\/en\/wp-json\/wp\/v2\/users\/4"}],"replies":[{"embeddable":true,"href":"https:\/\/modulax.com.br\/en\/wp-json\/wp\/v2\/comments?post=13"}],"version-history":[{"count":26,"href":"https:\/\/modulax.com.br\/en\/wp-json\/wp\/v2\/pages\/13\/revisions"}],"predecessor-version":[{"id":2774,"href":"https:\/\/modulax.com.br\/en\/wp-json\/wp\/v2\/pages\/13\/revisions\/2774"}],"wp:featuredmedia":[{"embeddable":true,"href":"https:\/\/modulax.com.br\/en\/wp-json\/wp\/v2\/media\/153"}],"wp:attachment":[{"href":"https:\/\/modulax.com.br\/en\/wp-json\/wp\/v2\/media?parent=13"}],"curies":[{"name":"wp","href":"https:\/\/api.w.org\/{rel}","templated":true}]}}