{"id":141,"date":"2019-03-12T12:39:50","date_gmt":"2019-03-12T15:39:50","guid":{"rendered":"http:\/\/modulax.com.br\/site\/?page_id=141"},"modified":"2019-09-05T14:51:35","modified_gmt":"2019-09-05T17:51:35","slug":"siderurgia","status":"publish","type":"page","link":"https:\/\/modulax.com.br\/en\/business-units\/steelworks\/","title":{"rendered":"Modulax Steelworks"},"content":{"rendered":"<p><\/p>\n<p>Modulax Siderurgia started its activities in 2007, through the pig iron production plant located in Curvelo, Minas Gerais<\/p>\n<p>It is currently responsible for large-scale production of pig iron, meeting the strictest international quality standards.<\/p>\n<p><img loading=\"lazy\" class=\"alignnone  wp-image-2801\" src=\"http:\/\/modulax.com.br\/site\/wp-content\/uploads\/2019\/07\/image004.png\" alt=\"\" width=\"149\" height=\"146\" \/><\/p>\n<p><\/p>","protected":false},"excerpt":{"rendered":"<p>Modulax Siderurgia started its activities in 2007, through the pig iron production plant located in Curvelo, Minas Gerais<\/p>\n<p>It is currently responsible for large-scale production of pig iron, meeting the strictest international quality standards.<\/p>\n","protected":false},"author":4,"featured_media":2719,"parent":17,"menu_order":0,"comment_status":"closed","ping_status":"closed","template":"template-units-home.php","meta":[],"yoast_head":"<!-- This site is optimized with the Yoast SEO plugin v17.3 - https:\/\/yoast.com\/wordpress\/plugins\/seo\/ -->\n<title>Modulax Steelworks &raquo; Grupo Modulax<\/title>\n<meta name=\"robots\" content=\"index, follow, max-snippet:-1, max-image-preview:large, max-video-preview:-1\" \/>\n<link rel=\"canonical\" href=\"https:\/\/modulax.com.br\/unidades-de-negocio\/siderurgia\/\" \/>\n<meta property=\"og:locale\" content=\"en_US\" \/>\n<meta property=\"og:type\" content=\"article\" \/>\n<meta property=\"og:title\" content=\"Modulax Steelworks &raquo; Grupo Modulax\" \/>\n<meta property=\"og:description\" content=\"[:pb]A Modulax Siderurgia iniciou suas atividades em 2007, atrav\u00e9s da planta de produ\u00e7\u00e3o de ferro-gusa localizada em Curvelo, Minas Gerais.  Atualmente \u00e9 respons\u00e1vel pela produ\u00e7\u00e3o em grande escala de ferro-gusa, atendendo os mais rigorosos padr\u00f5es de qualidade internacionais.[:en]Modulax Siderurgia started its activities in 2007, through the pig iron production plant located in Curvelo, Minas Gerais  It is currently responsible for large-scale production of pig iron, meeting the strictest international quality standards.[:es]Modulax Siderurgia inici\u00f3 sus actividades en 2007, con una planta de producci\u00f3n de arrabio ubicada en Curvelo, Minas Gerais.  Actualmente es responsable de la producci\u00f3n de arrabio a gran escala, que cumple con los est\u00e1ndares internacionales de calidad m\u00e1s estrictos.[:]\" \/>\n<meta property=\"og:url\" content=\"https:\/\/modulax.com.br\/unidades-de-negocio\/siderurgia\/\" \/>\n<meta property=\"og:site_name\" content=\"Grupo Modulax\" \/>\n<meta property=\"article:publisher\" content=\"https:\/\/www.facebook.com\/Modulax-165285097001690\/\" \/>\n<meta property=\"article:modified_time\" content=\"2019-09-05T17:51:35+00:00\" \/>\n<meta property=\"og:image\" content=\"https:\/\/modulax.com.br\/site\/wp-content\/uploads\/2019\/06\/banner-siderurgia.jpg\" \/>\n\t<meta property=\"og:image:width\" content=\"1920\" \/>\n\t<meta property=\"og:image:height\" content=\"1080\" \/>\n<meta name=\"twitter:card\" content=\"summary_large_image\" \/>\n<meta name=\"twitter:label1\" content=\"Est. reading time\" \/>\n\t<meta name=\"twitter:data1\" content=\"1 minute\" \/>\n<script type=\"application\/ld+json\" class=\"yoast-schema-graph\">{\"@context\":\"https:\/\/schema.org\",\"@graph\":[{\"@type\":\"Organization\",\"@id\":\"https:\/\/modulax.com.br\/#organization\",\"name\":\"Grupo Modulax\",\"url\":\"https:\/\/modulax.com.br\/\",\"sameAs\":[\"https:\/\/www.facebook.com\/Modulax-165285097001690\/\",\"https:\/\/www.instagram.com\/modulax\/\"],\"logo\":{\"@type\":\"ImageObject\",\"@id\":\"https:\/\/modulax.com.br\/#logo\",\"inLanguage\":\"en-US\",\"url\":\"http:\/\/modulax.com.br\/site\/wp-content\/uploads\/2019\/03\/logo-1.png\",\"contentUrl\":\"http:\/\/modulax.com.br\/site\/wp-content\/uploads\/2019\/03\/logo-1.png\",\"width\":1309,\"height\":200,\"caption\":\"Grupo Modulax\"},\"image\":{\"@id\":\"https:\/\/modulax.com.br\/#logo\"}},{\"@type\":\"WebSite\",\"@id\":\"https:\/\/modulax.com.br\/#website\",\"url\":\"https:\/\/modulax.com.br\/\",\"name\":\"Grupo Modulax\",\"description\":\"\",\"publisher\":{\"@id\":\"https:\/\/modulax.com.br\/#organization\"},\"potentialAction\":[{\"@type\":\"SearchAction\",\"target\":{\"@type\":\"EntryPoint\",\"urlTemplate\":\"https:\/\/modulax.com.br\/?s={search_term_string}\"},\"query-input\":\"required name=search_term_string\"}],\"inLanguage\":\"en-US\"},{\"@type\":\"ImageObject\",\"@id\":\"https:\/\/modulax.com.br\/unidades-de-negocio\/siderurgia\/#primaryimage\",\"inLanguage\":\"en-US\",\"url\":\"https:\/\/modulax.com.br\/site\/wp-content\/uploads\/2019\/06\/banner-siderurgia.jpg\",\"contentUrl\":\"https:\/\/modulax.com.br\/site\/wp-content\/uploads\/2019\/06\/banner-siderurgia.jpg\",\"width\":1920,\"height\":1080},{\"@type\":\"WebPage\",\"@id\":\"https:\/\/modulax.com.br\/unidades-de-negocio\/siderurgia\/#webpage\",\"url\":\"https:\/\/modulax.com.br\/unidades-de-negocio\/siderurgia\/\",\"name\":\"Modulax Steelworks &raquo; Grupo Modulax\",\"isPartOf\":{\"@id\":\"https:\/\/modulax.com.br\/#website\"},\"primaryImageOfPage\":{\"@id\":\"https:\/\/modulax.com.br\/unidades-de-negocio\/siderurgia\/#primaryimage\"},\"datePublished\":\"2019-03-12T15:39:50+00:00\",\"dateModified\":\"2019-09-05T17:51:35+00:00\",\"breadcrumb\":{\"@id\":\"https:\/\/modulax.com.br\/unidades-de-negocio\/siderurgia\/#breadcrumb\"},\"inLanguage\":\"en-US\",\"potentialAction\":[{\"@type\":\"ReadAction\",\"target\":[\"https:\/\/modulax.com.br\/unidades-de-negocio\/siderurgia\/\"]}]},{\"@type\":\"BreadcrumbList\",\"@id\":\"https:\/\/modulax.com.br\/unidades-de-negocio\/siderurgia\/#breadcrumb\",\"itemListElement\":[{\"@type\":\"ListItem\",\"position\":1,\"name\":\"In\\u00edcio\",\"item\":\"https:\/\/modulax.com.br\/\"},{\"@type\":\"ListItem\",\"position\":2,\"name\":\"Unidades de Neg\\u00f3cio\",\"item\":\"https:\/\/modulax.com.br\/unidades-de-negocio\/\"},{\"@type\":\"ListItem\",\"position\":3,\"name\":\"Modulax Siderurgia\"}]}]}<\/script>\n<!-- \/ Yoast SEO plugin. -->","yoast_head_json":{"title":"Modulax Steelworks &raquo; Grupo Modulax","robots":{"index":"index","follow":"follow","max-snippet":"max-snippet:-1","max-image-preview":"max-image-preview:large","max-video-preview":"max-video-preview:-1"},"canonical":"https:\/\/modulax.com.br\/unidades-de-negocio\/siderurgia\/","og_locale":"en_US","og_type":"article","og_title":"Modulax Steelworks &raquo; Grupo Modulax","og_description":"[:pb]A Modulax Siderurgia iniciou suas atividades em 2007, atrav\u00e9s da planta de produ\u00e7\u00e3o de ferro-gusa localizada em Curvelo, Minas Gerais.  Atualmente \u00e9 respons\u00e1vel pela produ\u00e7\u00e3o em grande escala de ferro-gusa, atendendo os mais rigorosos padr\u00f5es de qualidade internacionais.[:en]Modulax Siderurgia started its activities in 2007, through the pig iron production plant located in Curvelo, Minas Gerais  It is currently responsible for large-scale production of pig iron, meeting the strictest international quality standards.[:es]Modulax Siderurgia inici\u00f3 sus actividades en 2007, con una planta de producci\u00f3n de arrabio ubicada en Curvelo, Minas Gerais.  Actualmente es responsable de la producci\u00f3n de arrabio a gran escala, que cumple con los est\u00e1ndares internacionales de calidad m\u00e1s estrictos.[:]","og_url":"https:\/\/modulax.com.br\/unidades-de-negocio\/siderurgia\/","og_site_name":"Grupo Modulax","article_publisher":"https:\/\/www.facebook.com\/Modulax-165285097001690\/","article_modified_time":"2019-09-05T17:51:35+00:00","og_image":[{"width":1920,"height":1080,"url":"https:\/\/modulax.com.br\/site\/wp-content\/uploads\/2019\/06\/banner-siderurgia.jpg","type":"image\/jpeg"}],"twitter_card":"summary_large_image","twitter_misc":{"Est. reading time":"1 minute"},"schema":{"@context":"https:\/\/schema.org","@graph":[{"@type":"Organization","@id":"https:\/\/modulax.com.br\/#organization","name":"Grupo Modulax","url":"https:\/\/modulax.com.br\/","sameAs":["https:\/\/www.facebook.com\/Modulax-165285097001690\/","https:\/\/www.instagram.com\/modulax\/"],"logo":{"@type":"ImageObject","@id":"https:\/\/modulax.com.br\/#logo","inLanguage":"en-US","url":"http:\/\/modulax.com.br\/site\/wp-content\/uploads\/2019\/03\/logo-1.png","contentUrl":"http:\/\/modulax.com.br\/site\/wp-content\/uploads\/2019\/03\/logo-1.png","width":1309,"height":200,"caption":"Grupo Modulax"},"image":{"@id":"https:\/\/modulax.com.br\/#logo"}},{"@type":"WebSite","@id":"https:\/\/modulax.com.br\/#website","url":"https:\/\/modulax.com.br\/","name":"Grupo Modulax","description":"","publisher":{"@id":"https:\/\/modulax.com.br\/#organization"},"potentialAction":[{"@type":"SearchAction","target":{"@type":"EntryPoint","urlTemplate":"https:\/\/modulax.com.br\/?s={search_term_string}"},"query-input":"required name=search_term_string"}],"inLanguage":"en-US"},{"@type":"ImageObject","@id":"https:\/\/modulax.com.br\/unidades-de-negocio\/siderurgia\/#primaryimage","inLanguage":"en-US","url":"https:\/\/modulax.com.br\/site\/wp-content\/uploads\/2019\/06\/banner-siderurgia.jpg","contentUrl":"https:\/\/modulax.com.br\/site\/wp-content\/uploads\/2019\/06\/banner-siderurgia.jpg","width":1920,"height":1080},{"@type":"WebPage","@id":"https:\/\/modulax.com.br\/unidades-de-negocio\/siderurgia\/#webpage","url":"https:\/\/modulax.com.br\/unidades-de-negocio\/siderurgia\/","name":"Modulax Steelworks &raquo; Grupo Modulax","isPartOf":{"@id":"https:\/\/modulax.com.br\/#website"},"primaryImageOfPage":{"@id":"https:\/\/modulax.com.br\/unidades-de-negocio\/siderurgia\/#primaryimage"},"datePublished":"2019-03-12T15:39:50+00:00","dateModified":"2019-09-05T17:51:35+00:00","breadcrumb":{"@id":"https:\/\/modulax.com.br\/unidades-de-negocio\/siderurgia\/#breadcrumb"},"inLanguage":"en-US","potentialAction":[{"@type":"ReadAction","target":["https:\/\/modulax.com.br\/unidades-de-negocio\/siderurgia\/"]}]},{"@type":"BreadcrumbList","@id":"https:\/\/modulax.com.br\/unidades-de-negocio\/siderurgia\/#breadcrumb","itemListElement":[{"@type":"ListItem","position":1,"name":"In\u00edcio","item":"https:\/\/modulax.com.br\/"},{"@type":"ListItem","position":2,"name":"Unidades de Neg\u00f3cio","item":"https:\/\/modulax.com.br\/unidades-de-negocio\/"},{"@type":"ListItem","position":3,"name":"Modulax Siderurgia"}]}]}},"_links":{"self":[{"href":"https:\/\/modulax.com.br\/en\/wp-json\/wp\/v2\/pages\/141"}],"collection":[{"href":"https:\/\/modulax.com.br\/en\/wp-json\/wp\/v2\/pages"}],"about":[{"href":"https:\/\/modulax.com.br\/en\/wp-json\/wp\/v2\/types\/page"}],"author":[{"embeddable":true,"href":"https:\/\/modulax.com.br\/en\/wp-json\/wp\/v2\/users\/4"}],"replies":[{"embeddable":true,"href":"https:\/\/modulax.com.br\/en\/wp-json\/wp\/v2\/comments?post=141"}],"version-history":[{"count":32,"href":"https:\/\/modulax.com.br\/en\/wp-json\/wp\/v2\/pages\/141\/revisions"}],"predecessor-version":[{"id":2842,"href":"https:\/\/modulax.com.br\/en\/wp-json\/wp\/v2\/pages\/141\/revisions\/2842"}],"up":[{"embeddable":true,"href":"https:\/\/modulax.com.br\/en\/wp-json\/wp\/v2\/pages\/17"}],"wp:featuredmedia":[{"embeddable":true,"href":"https:\/\/modulax.com.br\/en\/wp-json\/wp\/v2\/media\/2719"}],"wp:attachment":[{"href":"https:\/\/modulax.com.br\/en\/wp-json\/wp\/v2\/media?parent=141"}],"curies":[{"name":"wp","href":"https:\/\/api.w.org\/{rel}","templated":true}]}}