{"id":143,"date":"2019-03-12T12:41:27","date_gmt":"2019-03-12T15:41:27","guid":{"rendered":"http:\/\/modulax.com.br\/site\/?page_id=143"},"modified":"2019-09-05T14:49:50","modified_gmt":"2019-09-05T17:49:50","slug":"industria-e-comercio","status":"publish","type":"page","link":"https:\/\/modulax.com.br\/en\/business-units\/industry-and-commerce\/","title":{"rendered":"Modulax Industry and Commerce"},"content":{"rendered":"<p><\/p>\n<p>MODULAX IND\u00daSTRIA E COM\u00c9RCIO specializes IN THE DEVELOPMENT OF PROJECTS, MANUFACTURE, ASSEMBLY, CONSTRUCTION, AND OPERATION OF INDUSTRIAL PLANTS IN THE AREAS OF STEELWORKS AND MINING, AND IT HAS OWN TECHNOLOGY THAT IS APPLIED FROM MINING TO LIQUID IRON.<\/p>\n<p>MODULAX IND\u00daSTRIA E COM\u00c9RCIO HAS DEVELOPED A NEW MODEL OF BUSINESS: CONSTRUCTION OF MINES AND BLAST FURNACES USING OWN TECHNOLOGY, BECOMING A SHAREHOLDER OR OPERATIONAL PARTNER IN THE PROJECTS.<\/p>\n<p><\/p>","protected":false},"excerpt":{"rendered":"<p>MODULAX IND\u00daSTRIA E COM\u00c9RCIO specializes in the development of projects, manufacturing, assembly, construction, and operation of industrial plants in the areas of steelwork and mining, and has its own technology that is applied, from mining to liquid iron.<\/p>\n","protected":false},"author":4,"featured_media":272,"parent":17,"menu_order":0,"comment_status":"closed","ping_status":"closed","template":"template-units-home.php","meta":[],"yoast_head":"<!-- This site is optimized with the Yoast SEO plugin v17.3 - https:\/\/yoast.com\/wordpress\/plugins\/seo\/ -->\n<title>Modulax Industry and Commerce &raquo; Grupo Modulax<\/title>\n<meta name=\"robots\" content=\"index, follow, max-snippet:-1, max-image-preview:large, max-video-preview:-1\" \/>\n<link rel=\"canonical\" href=\"https:\/\/modulax.com.br\/unidades-de-negocio\/industria-e-comercio\/\" \/>\n<meta property=\"og:locale\" content=\"en_US\" \/>\n<meta property=\"og:type\" content=\"article\" \/>\n<meta property=\"og:title\" content=\"Modulax Industry and Commerce &raquo; Grupo Modulax\" \/>\n<meta property=\"og:description\" content=\"[:pb]A MODULAX IND\u00daSTRIA E COM\u00c9RCIO \u00e9 especializada no desenvolvimento de projetos, fabrica\u00e7\u00e3o, montagem, constru\u00e7\u00e3o e opera\u00e7\u00e3o de plantas industriais nas \u00e1reas de siderurgia e minera\u00e7\u00e3o, e possui tecnologia pr\u00f3pria que \u00e9 aplicada desde a minera\u00e7\u00e3o ao ferro l\u00edquido.[:en]MODULAX IND\u00daSTRIA E COM\u00c9RCIO specializes in the development of projects, manufacturing, assembly, construction, and operation of industrial plants in the areas of steelwork and mining, and has its own technology that is applied, from mining to liquid iron.[:es]La especialidad de Modulax Ind\u00fastria e Com\u00e9rcio es el desarrollo de proyectos, fabricaci\u00f3n, montaje, construcci\u00f3n y operaci\u00f3n de plantas industriales en las \u00e1reas de acero y miner\u00eda, adem\u00e1s de contar con tecnolog\u00eda propia que se aplica desde la miner\u00eda hasta el hierro l\u00edquido.[:]\" \/>\n<meta property=\"og:url\" content=\"https:\/\/modulax.com.br\/unidades-de-negocio\/industria-e-comercio\/\" \/>\n<meta property=\"og:site_name\" content=\"Grupo Modulax\" \/>\n<meta property=\"article:publisher\" content=\"https:\/\/www.facebook.com\/Modulax-165285097001690\/\" \/>\n<meta property=\"article:modified_time\" content=\"2019-09-05T17:49:50+00:00\" \/>\n<meta property=\"og:image\" content=\"https:\/\/modulax.com.br\/site\/wp-content\/uploads\/2019\/03\/banner-industria.jpg\" \/>\n\t<meta property=\"og:image:width\" content=\"1920\" \/>\n\t<meta property=\"og:image:height\" content=\"1080\" \/>\n<meta name=\"twitter:card\" content=\"summary_large_image\" \/>\n<meta name=\"twitter:label1\" content=\"Est. reading time\" \/>\n\t<meta name=\"twitter:data1\" content=\"1 minute\" \/>\n<script type=\"application\/ld+json\" class=\"yoast-schema-graph\">{\"@context\":\"https:\/\/schema.org\",\"@graph\":[{\"@type\":\"Organization\",\"@id\":\"https:\/\/modulax.com.br\/#organization\",\"name\":\"Grupo Modulax\",\"url\":\"https:\/\/modulax.com.br\/\",\"sameAs\":[\"https:\/\/www.facebook.com\/Modulax-165285097001690\/\",\"https:\/\/www.instagram.com\/modulax\/\"],\"logo\":{\"@type\":\"ImageObject\",\"@id\":\"https:\/\/modulax.com.br\/#logo\",\"inLanguage\":\"en-US\",\"url\":\"http:\/\/modulax.com.br\/site\/wp-content\/uploads\/2019\/03\/logo-1.png\",\"contentUrl\":\"http:\/\/modulax.com.br\/site\/wp-content\/uploads\/2019\/03\/logo-1.png\",\"width\":1309,\"height\":200,\"caption\":\"Grupo Modulax\"},\"image\":{\"@id\":\"https:\/\/modulax.com.br\/#logo\"}},{\"@type\":\"WebSite\",\"@id\":\"https:\/\/modulax.com.br\/#website\",\"url\":\"https:\/\/modulax.com.br\/\",\"name\":\"Grupo Modulax\",\"description\":\"\",\"publisher\":{\"@id\":\"https:\/\/modulax.com.br\/#organization\"},\"potentialAction\":[{\"@type\":\"SearchAction\",\"target\":{\"@type\":\"EntryPoint\",\"urlTemplate\":\"https:\/\/modulax.com.br\/?s={search_term_string}\"},\"query-input\":\"required name=search_term_string\"}],\"inLanguage\":\"en-US\"},{\"@type\":\"ImageObject\",\"@id\":\"https:\/\/modulax.com.br\/unidades-de-negocio\/industria-e-comercio\/#primaryimage\",\"inLanguage\":\"en-US\",\"url\":\"https:\/\/modulax.com.br\/site\/wp-content\/uploads\/2019\/03\/banner-industria.jpg\",\"contentUrl\":\"https:\/\/modulax.com.br\/site\/wp-content\/uploads\/2019\/03\/banner-industria.jpg\",\"width\":1920,\"height\":1080},{\"@type\":\"WebPage\",\"@id\":\"https:\/\/modulax.com.br\/unidades-de-negocio\/industria-e-comercio\/#webpage\",\"url\":\"https:\/\/modulax.com.br\/unidades-de-negocio\/industria-e-comercio\/\",\"name\":\"Modulax Industry and Commerce &raquo; Grupo Modulax\",\"isPartOf\":{\"@id\":\"https:\/\/modulax.com.br\/#website\"},\"primaryImageOfPage\":{\"@id\":\"https:\/\/modulax.com.br\/unidades-de-negocio\/industria-e-comercio\/#primaryimage\"},\"datePublished\":\"2019-03-12T15:41:27+00:00\",\"dateModified\":\"2019-09-05T17:49:50+00:00\",\"breadcrumb\":{\"@id\":\"https:\/\/modulax.com.br\/unidades-de-negocio\/industria-e-comercio\/#breadcrumb\"},\"inLanguage\":\"en-US\",\"potentialAction\":[{\"@type\":\"ReadAction\",\"target\":[\"https:\/\/modulax.com.br\/unidades-de-negocio\/industria-e-comercio\/\"]}]},{\"@type\":\"BreadcrumbList\",\"@id\":\"https:\/\/modulax.com.br\/unidades-de-negocio\/industria-e-comercio\/#breadcrumb\",\"itemListElement\":[{\"@type\":\"ListItem\",\"position\":1,\"name\":\"In\\u00edcio\",\"item\":\"https:\/\/modulax.com.br\/\"},{\"@type\":\"ListItem\",\"position\":2,\"name\":\"Unidades de Neg\\u00f3cio\",\"item\":\"https:\/\/modulax.com.br\/unidades-de-negocio\/\"},{\"@type\":\"ListItem\",\"position\":3,\"name\":\"Modulax Ind\\u00fastria e Com\\u00e9rcio\"}]}]}<\/script>\n<!-- \/ Yoast SEO plugin. -->","yoast_head_json":{"title":"Modulax Industry and Commerce &raquo; Grupo Modulax","robots":{"index":"index","follow":"follow","max-snippet":"max-snippet:-1","max-image-preview":"max-image-preview:large","max-video-preview":"max-video-preview:-1"},"canonical":"https:\/\/modulax.com.br\/unidades-de-negocio\/industria-e-comercio\/","og_locale":"en_US","og_type":"article","og_title":"Modulax Industry and Commerce &raquo; Grupo Modulax","og_description":"[:pb]A MODULAX IND\u00daSTRIA E COM\u00c9RCIO \u00e9 especializada no desenvolvimento de projetos, fabrica\u00e7\u00e3o, montagem, constru\u00e7\u00e3o e opera\u00e7\u00e3o de plantas industriais nas \u00e1reas de siderurgia e minera\u00e7\u00e3o, e possui tecnologia pr\u00f3pria que \u00e9 aplicada desde a minera\u00e7\u00e3o ao ferro l\u00edquido.[:en]MODULAX IND\u00daSTRIA E COM\u00c9RCIO specializes in the development of projects, manufacturing, assembly, construction, and operation of industrial plants in the areas of steelwork and mining, and has its own technology that is applied, from mining to liquid iron.[:es]La especialidad de Modulax Ind\u00fastria e Com\u00e9rcio es el desarrollo de proyectos, fabricaci\u00f3n, montaje, construcci\u00f3n y operaci\u00f3n de plantas industriales en las \u00e1reas de acero y miner\u00eda, adem\u00e1s de contar con tecnolog\u00eda propia que se aplica desde la miner\u00eda hasta el hierro l\u00edquido.[:]","og_url":"https:\/\/modulax.com.br\/unidades-de-negocio\/industria-e-comercio\/","og_site_name":"Grupo Modulax","article_publisher":"https:\/\/www.facebook.com\/Modulax-165285097001690\/","article_modified_time":"2019-09-05T17:49:50+00:00","og_image":[{"width":1920,"height":1080,"url":"https:\/\/modulax.com.br\/site\/wp-content\/uploads\/2019\/03\/banner-industria.jpg","type":"image\/jpeg"}],"twitter_card":"summary_large_image","twitter_misc":{"Est. reading time":"1 minute"},"schema":{"@context":"https:\/\/schema.org","@graph":[{"@type":"Organization","@id":"https:\/\/modulax.com.br\/#organization","name":"Grupo Modulax","url":"https:\/\/modulax.com.br\/","sameAs":["https:\/\/www.facebook.com\/Modulax-165285097001690\/","https:\/\/www.instagram.com\/modulax\/"],"logo":{"@type":"ImageObject","@id":"https:\/\/modulax.com.br\/#logo","inLanguage":"en-US","url":"http:\/\/modulax.com.br\/site\/wp-content\/uploads\/2019\/03\/logo-1.png","contentUrl":"http:\/\/modulax.com.br\/site\/wp-content\/uploads\/2019\/03\/logo-1.png","width":1309,"height":200,"caption":"Grupo Modulax"},"image":{"@id":"https:\/\/modulax.com.br\/#logo"}},{"@type":"WebSite","@id":"https:\/\/modulax.com.br\/#website","url":"https:\/\/modulax.com.br\/","name":"Grupo Modulax","description":"","publisher":{"@id":"https:\/\/modulax.com.br\/#organization"},"potentialAction":[{"@type":"SearchAction","target":{"@type":"EntryPoint","urlTemplate":"https:\/\/modulax.com.br\/?s={search_term_string}"},"query-input":"required name=search_term_string"}],"inLanguage":"en-US"},{"@type":"ImageObject","@id":"https:\/\/modulax.com.br\/unidades-de-negocio\/industria-e-comercio\/#primaryimage","inLanguage":"en-US","url":"https:\/\/modulax.com.br\/site\/wp-content\/uploads\/2019\/03\/banner-industria.jpg","contentUrl":"https:\/\/modulax.com.br\/site\/wp-content\/uploads\/2019\/03\/banner-industria.jpg","width":1920,"height":1080},{"@type":"WebPage","@id":"https:\/\/modulax.com.br\/unidades-de-negocio\/industria-e-comercio\/#webpage","url":"https:\/\/modulax.com.br\/unidades-de-negocio\/industria-e-comercio\/","name":"Modulax Industry and Commerce &raquo; Grupo Modulax","isPartOf":{"@id":"https:\/\/modulax.com.br\/#website"},"primaryImageOfPage":{"@id":"https:\/\/modulax.com.br\/unidades-de-negocio\/industria-e-comercio\/#primaryimage"},"datePublished":"2019-03-12T15:41:27+00:00","dateModified":"2019-09-05T17:49:50+00:00","breadcrumb":{"@id":"https:\/\/modulax.com.br\/unidades-de-negocio\/industria-e-comercio\/#breadcrumb"},"inLanguage":"en-US","potentialAction":[{"@type":"ReadAction","target":["https:\/\/modulax.com.br\/unidades-de-negocio\/industria-e-comercio\/"]}]},{"@type":"BreadcrumbList","@id":"https:\/\/modulax.com.br\/unidades-de-negocio\/industria-e-comercio\/#breadcrumb","itemListElement":[{"@type":"ListItem","position":1,"name":"In\u00edcio","item":"https:\/\/modulax.com.br\/"},{"@type":"ListItem","position":2,"name":"Unidades de Neg\u00f3cio","item":"https:\/\/modulax.com.br\/unidades-de-negocio\/"},{"@type":"ListItem","position":3,"name":"Modulax Ind\u00fastria e Com\u00e9rcio"}]}]}},"_links":{"self":[{"href":"https:\/\/modulax.com.br\/en\/wp-json\/wp\/v2\/pages\/143"}],"collection":[{"href":"https:\/\/modulax.com.br\/en\/wp-json\/wp\/v2\/pages"}],"about":[{"href":"https:\/\/modulax.com.br\/en\/wp-json\/wp\/v2\/types\/page"}],"author":[{"embeddable":true,"href":"https:\/\/modulax.com.br\/en\/wp-json\/wp\/v2\/users\/4"}],"replies":[{"embeddable":true,"href":"https:\/\/modulax.com.br\/en\/wp-json\/wp\/v2\/comments?post=143"}],"version-history":[{"count":23,"href":"https:\/\/modulax.com.br\/en\/wp-json\/wp\/v2\/pages\/143\/revisions"}],"predecessor-version":[{"id":2841,"href":"https:\/\/modulax.com.br\/en\/wp-json\/wp\/v2\/pages\/143\/revisions\/2841"}],"up":[{"embeddable":true,"href":"https:\/\/modulax.com.br\/en\/wp-json\/wp\/v2\/pages\/17"}],"wp:featuredmedia":[{"embeddable":true,"href":"https:\/\/modulax.com.br\/en\/wp-json\/wp\/v2\/media\/272"}],"wp:attachment":[{"href":"https:\/\/modulax.com.br\/en\/wp-json\/wp\/v2\/media?parent=143"}],"curies":[{"name":"wp","href":"https:\/\/api.w.org\/{rel}","templated":true}]}}