{"id":21,"date":"2019-03-07T11:15:54","date_gmt":"2019-03-07T14:15:54","guid":{"rendered":"http:\/\/modulax.com.br\/site\/?page_id=21"},"modified":"2019-07-11T15:47:55","modified_gmt":"2019-07-11T18:47:55","slug":"clientes","status":"publish","type":"page","link":"https:\/\/modulax.com.br\/en\/clients\/","title":{"rendered":"Clients"},"content":{"rendered":"<table>\n<tbody>\n<tr>\n<td>CONSTRUTORA FERREIRA MIRANDA<\/td>\n<td>CBF<\/td>\n<\/tr>\n<tr>\n<td>IVECO<\/td>\n<td>CITYGUSA<\/td>\n<\/tr>\n<tr>\n<td>MAGNESITA<\/td>\n<td>COSIPAR<\/td>\n<\/tr>\n<tr>\n<td>ANDEAN IRON<\/td>\n<td>FERRO BAHIA<\/td>\n<\/tr>\n<tr>\n<td>VALLOUREC<\/td>\n<td>ICAVI<\/td>\n<\/tr>\n<tr>\n<td>VIENA SIDERURGICA<\/td>\n<td>CVG<\/td>\n<\/tr>\n<tr>\n<td>FERROUS<\/td>\n<td>SIDERBR\u00c1S<\/td>\n<\/tr>\n<tr>\n<td>USIMINAS<\/td>\n<td>SIDERMIN<\/td>\n<\/tr>\n<tr>\n<td>SOCOIMEX SIDERURGIA<\/td>\n<td>SIDERPA<\/td>\n<\/tr>\n<tr>\n<td>ALTEROSA SIDER\u00daRGICA<\/td>\n<td>SIMASUL<\/td>\n<\/tr>\n<tr>\n<td>SIDERURGICA BAR\u00c3O DE MAU\u00c1<\/td>\n<td>DUFERCO<\/td>\n<\/tr>\n<tr>\n<td>CALSETE<\/td>\n<td>AGROCITY<\/td>\n<\/tr>\n<\/tbody>\n<\/table>\n<p>&nbsp;<\/p>\n","protected":false},"excerpt":{"rendered":"<p>CONSTRUTORA FERREIRA MIRANDA CBF IVECO CITYGUSA MAGNESITA COSIPAR ANDEAN IRON FERRO BAHIA VALLOUREC ICAVI VIENA SIDERURGICA CVG FERROUS SIDERBR\u00c1S USIMINAS SIDERMIN SOCOIMEX SIDERURGIA SIDERPA ALTEROSA SIDER\u00daRGICA SIMASUL SIDERURGICA BAR\u00c3O DE MAU\u00c1 DUFERCO CALSETE AGROCITY &nbsp;<\/p>\n","protected":false},"author":4,"featured_media":0,"parent":0,"menu_order":0,"comment_status":"closed","ping_status":"closed","template":"","meta":[],"yoast_head":"<!-- This site is optimized with the Yoast SEO plugin v17.3 - https:\/\/yoast.com\/wordpress\/plugins\/seo\/ -->\n<title>Clients &raquo; Grupo Modulax<\/title>\n<meta name=\"robots\" content=\"index, follow, max-snippet:-1, max-image-preview:large, max-video-preview:-1\" \/>\n<link rel=\"canonical\" href=\"https:\/\/modulax.com.br\/clientes\/\" \/>\n<meta property=\"og:locale\" content=\"en_US\" \/>\n<meta property=\"og:type\" content=\"article\" \/>\n<meta property=\"og:title\" content=\"Clients &raquo; Grupo Modulax\" \/>\n<meta property=\"og:description\" content=\"CONSTRUTORA FERREIRA MIRANDA CBF IVECO CITYGUSA MAGNESITA COSIPAR ANDEAN IRON FERRO BAHIA VALLOUREC ICAVI VIENA SIDERURGICA CVG FERROUS SIDERBR\u00c1S USIMINAS SIDERMIN SOCOIMEX SIDERURGIA SIDERPA ALTEROSA SIDER\u00daRGICA SIMASUL SIDERURGICA BAR\u00c3O DE MAU\u00c1 DUFERCO CALSETE AGROCITY &nbsp;\" \/>\n<meta property=\"og:url\" content=\"https:\/\/modulax.com.br\/clientes\/\" \/>\n<meta property=\"og:site_name\" content=\"Grupo Modulax\" \/>\n<meta property=\"article:publisher\" content=\"https:\/\/www.facebook.com\/Modulax-165285097001690\/\" \/>\n<meta property=\"article:modified_time\" content=\"2019-07-11T18:47:55+00:00\" \/>\n<meta name=\"twitter:card\" content=\"summary_large_image\" \/>\n<script type=\"application\/ld+json\" class=\"yoast-schema-graph\">{\"@context\":\"https:\/\/schema.org\",\"@graph\":[{\"@type\":\"Organization\",\"@id\":\"https:\/\/modulax.com.br\/#organization\",\"name\":\"Grupo Modulax\",\"url\":\"https:\/\/modulax.com.br\/\",\"sameAs\":[\"https:\/\/www.facebook.com\/Modulax-165285097001690\/\",\"https:\/\/www.instagram.com\/modulax\/\"],\"logo\":{\"@type\":\"ImageObject\",\"@id\":\"https:\/\/modulax.com.br\/#logo\",\"inLanguage\":\"en-US\",\"url\":\"http:\/\/modulax.com.br\/site\/wp-content\/uploads\/2019\/03\/logo-1.png\",\"contentUrl\":\"http:\/\/modulax.com.br\/site\/wp-content\/uploads\/2019\/03\/logo-1.png\",\"width\":1309,\"height\":200,\"caption\":\"Grupo Modulax\"},\"image\":{\"@id\":\"https:\/\/modulax.com.br\/#logo\"}},{\"@type\":\"WebSite\",\"@id\":\"https:\/\/modulax.com.br\/#website\",\"url\":\"https:\/\/modulax.com.br\/\",\"name\":\"Grupo Modulax\",\"description\":\"\",\"publisher\":{\"@id\":\"https:\/\/modulax.com.br\/#organization\"},\"potentialAction\":[{\"@type\":\"SearchAction\",\"target\":{\"@type\":\"EntryPoint\",\"urlTemplate\":\"https:\/\/modulax.com.br\/?s={search_term_string}\"},\"query-input\":\"required name=search_term_string\"}],\"inLanguage\":\"en-US\"},{\"@type\":\"WebPage\",\"@id\":\"https:\/\/modulax.com.br\/clientes\/#webpage\",\"url\":\"https:\/\/modulax.com.br\/clientes\/\",\"name\":\"Clients &raquo; Grupo Modulax\",\"isPartOf\":{\"@id\":\"https:\/\/modulax.com.br\/#website\"},\"datePublished\":\"2019-03-07T14:15:54+00:00\",\"dateModified\":\"2019-07-11T18:47:55+00:00\",\"breadcrumb\":{\"@id\":\"https:\/\/modulax.com.br\/clientes\/#breadcrumb\"},\"inLanguage\":\"en-US\",\"potentialAction\":[{\"@type\":\"ReadAction\",\"target\":[\"https:\/\/modulax.com.br\/clientes\/\"]}]},{\"@type\":\"BreadcrumbList\",\"@id\":\"https:\/\/modulax.com.br\/clientes\/#breadcrumb\",\"itemListElement\":[{\"@type\":\"ListItem\",\"position\":1,\"name\":\"In\\u00edcio\",\"item\":\"https:\/\/modulax.com.br\/\"},{\"@type\":\"ListItem\",\"position\":2,\"name\":\"Clientes\"}]}]}<\/script>\n<!-- \/ Yoast SEO plugin. -->","yoast_head_json":{"title":"Clients &raquo; Grupo Modulax","robots":{"index":"index","follow":"follow","max-snippet":"max-snippet:-1","max-image-preview":"max-image-preview:large","max-video-preview":"max-video-preview:-1"},"canonical":"https:\/\/modulax.com.br\/clientes\/","og_locale":"en_US","og_type":"article","og_title":"Clients &raquo; Grupo Modulax","og_description":"CONSTRUTORA FERREIRA MIRANDA CBF IVECO CITYGUSA MAGNESITA COSIPAR ANDEAN IRON FERRO BAHIA VALLOUREC ICAVI VIENA SIDERURGICA CVG FERROUS SIDERBR\u00c1S USIMINAS SIDERMIN SOCOIMEX SIDERURGIA SIDERPA ALTEROSA SIDER\u00daRGICA SIMASUL SIDERURGICA BAR\u00c3O DE MAU\u00c1 DUFERCO CALSETE AGROCITY &nbsp;","og_url":"https:\/\/modulax.com.br\/clientes\/","og_site_name":"Grupo Modulax","article_publisher":"https:\/\/www.facebook.com\/Modulax-165285097001690\/","article_modified_time":"2019-07-11T18:47:55+00:00","twitter_card":"summary_large_image","schema":{"@context":"https:\/\/schema.org","@graph":[{"@type":"Organization","@id":"https:\/\/modulax.com.br\/#organization","name":"Grupo Modulax","url":"https:\/\/modulax.com.br\/","sameAs":["https:\/\/www.facebook.com\/Modulax-165285097001690\/","https:\/\/www.instagram.com\/modulax\/"],"logo":{"@type":"ImageObject","@id":"https:\/\/modulax.com.br\/#logo","inLanguage":"en-US","url":"http:\/\/modulax.com.br\/site\/wp-content\/uploads\/2019\/03\/logo-1.png","contentUrl":"http:\/\/modulax.com.br\/site\/wp-content\/uploads\/2019\/03\/logo-1.png","width":1309,"height":200,"caption":"Grupo Modulax"},"image":{"@id":"https:\/\/modulax.com.br\/#logo"}},{"@type":"WebSite","@id":"https:\/\/modulax.com.br\/#website","url":"https:\/\/modulax.com.br\/","name":"Grupo Modulax","description":"","publisher":{"@id":"https:\/\/modulax.com.br\/#organization"},"potentialAction":[{"@type":"SearchAction","target":{"@type":"EntryPoint","urlTemplate":"https:\/\/modulax.com.br\/?s={search_term_string}"},"query-input":"required name=search_term_string"}],"inLanguage":"en-US"},{"@type":"WebPage","@id":"https:\/\/modulax.com.br\/clientes\/#webpage","url":"https:\/\/modulax.com.br\/clientes\/","name":"Clients &raquo; Grupo Modulax","isPartOf":{"@id":"https:\/\/modulax.com.br\/#website"},"datePublished":"2019-03-07T14:15:54+00:00","dateModified":"2019-07-11T18:47:55+00:00","breadcrumb":{"@id":"https:\/\/modulax.com.br\/clientes\/#breadcrumb"},"inLanguage":"en-US","potentialAction":[{"@type":"ReadAction","target":["https:\/\/modulax.com.br\/clientes\/"]}]},{"@type":"BreadcrumbList","@id":"https:\/\/modulax.com.br\/clientes\/#breadcrumb","itemListElement":[{"@type":"ListItem","position":1,"name":"In\u00edcio","item":"https:\/\/modulax.com.br\/"},{"@type":"ListItem","position":2,"name":"Clientes"}]}]}},"_links":{"self":[{"href":"https:\/\/modulax.com.br\/en\/wp-json\/wp\/v2\/pages\/21"}],"collection":[{"href":"https:\/\/modulax.com.br\/en\/wp-json\/wp\/v2\/pages"}],"about":[{"href":"https:\/\/modulax.com.br\/en\/wp-json\/wp\/v2\/types\/page"}],"author":[{"embeddable":true,"href":"https:\/\/modulax.com.br\/en\/wp-json\/wp\/v2\/users\/4"}],"replies":[{"embeddable":true,"href":"https:\/\/modulax.com.br\/en\/wp-json\/wp\/v2\/comments?post=21"}],"version-history":[{"count":6,"href":"https:\/\/modulax.com.br\/en\/wp-json\/wp\/v2\/pages\/21\/revisions"}],"predecessor-version":[{"id":2764,"href":"https:\/\/modulax.com.br\/en\/wp-json\/wp\/v2\/pages\/21\/revisions\/2764"}],"wp:attachment":[{"href":"https:\/\/modulax.com.br\/en\/wp-json\/wp\/v2\/media?parent=21"}],"curies":[{"name":"wp","href":"https:\/\/api.w.org\/{rel}","templated":true}]}}