{"id":10,"date":"2019-03-07T11:11:15","date_gmt":"2019-03-07T14:11:15","guid":{"rendered":"http:\/\/modulax.com.br\/site\/?page_id=10"},"modified":"2019-07-11T16:24:34","modified_gmt":"2019-07-11T19:24:34","slug":"institucional","status":"publish","type":"page","link":"https:\/\/modulax.com.br\/es\/institucional\/","title":{"rendered":"Institucional"},"content":{"rendered":"<p><\/p>\n<p>Modulax es el resultado de una trayectoria admirable de emprendimiento, que comenz\u00f3 en 2006. Basando sus actividades en el concepto de modernidad y eficiencia, combina innovaci\u00f3n y actitud contempor\u00e1nea y sostenible, con el objetivo de ofrecer siempre las mejores soluciones constructivas y rentables, en sus diversas \u00e1reas de actividad. A lo largo de su existencia, Modulax creci\u00f3 y se consolid\u00f3, siendo reconocido en el escenario internacional, ya sea por la calidad de sus proyectos que por su gesti\u00f3n innovadora y empresarial. Las principales empresas que conforman el Grupo trabajan en las \u00e1reas de acero y miner\u00eda.<\/p>\n<p>&nbsp;<\/p>\n<h2><span style=\"color: #fc5000;\"><strong>NUESTRA MISI\u00d3N<\/strong><\/span><\/h2>\n<hr \/>\n<p>Desarrollar los mejores productos y las mejores soluciones efectivas para satisfacer sosteniblemente las necesidades m\u00e1s diversas de nuestros clientes, en las \u00e1reas de miner\u00eda y metalurgia.<\/p>\n<p>&nbsp;<\/p>\n<h2><span style=\"color: #fc5000;\"><strong>NUESTRA VISI\u00d3N<\/strong><\/span><\/h2>\n<hr \/>\n<p>Ser referencia para nuestros clientes, empleados, proveedores, socios y para la comunidad, como la mejor y m\u00e1s confiable opci\u00f3n en soluciones para miner\u00eda y metalurgia.<\/p>\n<p>&nbsp;<\/p>\n<h2><span style=\"color: #fc5000;\"><strong>NUESTROS VALORES<\/strong><\/span><\/h2>\n<hr \/>\n<p>Preservar la \u00e9tica y la integridad en todas las relaciones, mantener la transparencia y la veracidad de la informaci\u00f3n, desarrollar la sostenibilidad econ\u00f3mica, ambiental y social y valorar el bienestar de las personas y de los clientes generando resultados de calidad.<\/p>\n<p>&nbsp;<\/p>\n<p>&nbsp;<\/p>\n<p><\/p>","protected":false},"excerpt":{"rendered":"<p>Fundado en 2006, la especialidad del Grupo Modulax es la creaci\u00f3n de proyectos para el montaje e implantaci\u00f3n de plantas industriales para las \u00e1reas de acero y miner\u00eda. Actualmente es visto como un punto de referencia en su campo de acci\u00f3n, con operaciones en Brasil, Am\u00e9rica Latina y \u00c1frica. Con soluciones innovadoras y equipos modernos, garantizamos resultados que ofrecen costos m\u00e1s bajos de producci\u00f3n y rentabilidad m\u00e1s alta para los proyectos.<\/p>\n","protected":false},"author":4,"featured_media":153,"parent":0,"menu_order":0,"comment_status":"closed","ping_status":"closed","template":"template-group.php","meta":[],"yoast_head":"<!-- This site is optimized with the Yoast SEO plugin v17.3 - https:\/\/yoast.com\/wordpress\/plugins\/seo\/ -->\n<title>Institucional &raquo; Grupo Modulax<\/title>\n<meta name=\"robots\" content=\"index, follow, max-snippet:-1, max-image-preview:large, max-video-preview:-1\" \/>\n<link rel=\"canonical\" href=\"https:\/\/modulax.com.br\/institucional\/\" \/>\n<meta property=\"og:locale\" content=\"es_ES\" \/>\n<meta property=\"og:type\" content=\"article\" \/>\n<meta property=\"og:title\" content=\"Institucional &raquo; Grupo Modulax\" \/>\n<meta property=\"og:description\" content=\"[:pb]Fundado em 2006, o Grupo Modulax \u00e9 especializado na cria\u00e7\u00e3o de projetos para montagem e implanta\u00e7\u00e3o de plantas industriais destinadas \u00e0s \u00e1reas de siderurgia e minera\u00e7\u00e3o. Atualmente \u00e9 considerado refer\u00eancia em seu ramo de atua\u00e7\u00e3o, com opera\u00e7\u00f5es no Brasil, Am\u00e9rica Latina e \u00c1frica. Com solu\u00e7\u00f5es inovadoras e equipamentos modernos, garantimos resultados que proporcionam menor custo de produ\u00e7\u00e3o e maior rentabilidade aos projetos.[:en]Founded in 2006, Grupo Modulax specializes in the creation of projects for the assembly and implementation of industrial plants intended for the areas of steelworks and mining.  It is currently considered a benchmark in its field of activity, with operations in Brazil, Latin America, and Africa. With innovative solutions and modern equipment, we guarantee results that provide lower cost of production and greater profitability to projects. [:es]Fundado en 2006, la especialidad del Grupo Modulax es la creaci\u00f3n de proyectos para el montaje e implantaci\u00f3n de plantas industriales para las \u00e1reas de acero y miner\u00eda. Actualmente es visto como un punto de referencia en su campo de acci\u00f3n, con operaciones en Brasil, Am\u00e9rica Latina y \u00c1frica. Con soluciones innovadoras y equipos modernos, garantizamos resultados que ofrecen costos m\u00e1s bajos de producci\u00f3n y rentabilidad m\u00e1s alta para los proyectos.[:]\" \/>\n<meta property=\"og:url\" content=\"https:\/\/modulax.com.br\/institucional\/\" \/>\n<meta property=\"og:site_name\" content=\"Grupo Modulax\" \/>\n<meta property=\"article:publisher\" content=\"https:\/\/www.facebook.com\/Modulax-165285097001690\/\" \/>\n<meta property=\"article:modified_time\" content=\"2019-07-11T19:24:34+00:00\" \/>\n<meta property=\"og:image\" content=\"https:\/\/modulax.com.br\/site\/wp-content\/uploads\/2019\/03\/banner-institucional.jpg\" \/>\n\t<meta property=\"og:image:width\" content=\"1920\" \/>\n\t<meta property=\"og:image:height\" content=\"353\" \/>\n<meta name=\"twitter:card\" content=\"summary_large_image\" \/>\n<meta name=\"twitter:label1\" content=\"Tiempo de lectura\" \/>\n\t<meta name=\"twitter:data1\" content=\"3 minutos\" \/>\n<script type=\"application\/ld+json\" class=\"yoast-schema-graph\">{\"@context\":\"https:\/\/schema.org\",\"@graph\":[{\"@type\":\"Organization\",\"@id\":\"https:\/\/modulax.com.br\/#organization\",\"name\":\"Grupo Modulax\",\"url\":\"https:\/\/modulax.com.br\/\",\"sameAs\":[\"https:\/\/www.facebook.com\/Modulax-165285097001690\/\",\"https:\/\/www.instagram.com\/modulax\/\"],\"logo\":{\"@type\":\"ImageObject\",\"@id\":\"https:\/\/modulax.com.br\/#logo\",\"inLanguage\":\"es\",\"url\":\"http:\/\/modulax.com.br\/site\/wp-content\/uploads\/2019\/03\/logo-1.png\",\"contentUrl\":\"http:\/\/modulax.com.br\/site\/wp-content\/uploads\/2019\/03\/logo-1.png\",\"width\":1309,\"height\":200,\"caption\":\"Grupo Modulax\"},\"image\":{\"@id\":\"https:\/\/modulax.com.br\/#logo\"}},{\"@type\":\"WebSite\",\"@id\":\"https:\/\/modulax.com.br\/#website\",\"url\":\"https:\/\/modulax.com.br\/\",\"name\":\"Grupo Modulax\",\"description\":\"\",\"publisher\":{\"@id\":\"https:\/\/modulax.com.br\/#organization\"},\"potentialAction\":[{\"@type\":\"SearchAction\",\"target\":{\"@type\":\"EntryPoint\",\"urlTemplate\":\"https:\/\/modulax.com.br\/?s={search_term_string}\"},\"query-input\":\"required name=search_term_string\"}],\"inLanguage\":\"es\"},{\"@type\":\"ImageObject\",\"@id\":\"https:\/\/modulax.com.br\/institucional\/#primaryimage\",\"inLanguage\":\"es\",\"url\":\"https:\/\/modulax.com.br\/site\/wp-content\/uploads\/2019\/03\/banner-institucional.jpg\",\"contentUrl\":\"https:\/\/modulax.com.br\/site\/wp-content\/uploads\/2019\/03\/banner-institucional.jpg\",\"width\":1920,\"height\":353},{\"@type\":\"WebPage\",\"@id\":\"https:\/\/modulax.com.br\/institucional\/#webpage\",\"url\":\"https:\/\/modulax.com.br\/institucional\/\",\"name\":\"Institucional &raquo; Grupo Modulax\",\"isPartOf\":{\"@id\":\"https:\/\/modulax.com.br\/#website\"},\"primaryImageOfPage\":{\"@id\":\"https:\/\/modulax.com.br\/institucional\/#primaryimage\"},\"datePublished\":\"2019-03-07T14:11:15+00:00\",\"dateModified\":\"2019-07-11T19:24:34+00:00\",\"breadcrumb\":{\"@id\":\"https:\/\/modulax.com.br\/institucional\/#breadcrumb\"},\"inLanguage\":\"es\",\"potentialAction\":[{\"@type\":\"ReadAction\",\"target\":[\"https:\/\/modulax.com.br\/institucional\/\"]}]},{\"@type\":\"BreadcrumbList\",\"@id\":\"https:\/\/modulax.com.br\/institucional\/#breadcrumb\",\"itemListElement\":[{\"@type\":\"ListItem\",\"position\":1,\"name\":\"In\\u00edcio\",\"item\":\"https:\/\/modulax.com.br\/\"},{\"@type\":\"ListItem\",\"position\":2,\"name\":\"Institucional\"}]}]}<\/script>\n<!-- \/ Yoast SEO plugin. -->","yoast_head_json":{"title":"Institucional &raquo; Grupo Modulax","robots":{"index":"index","follow":"follow","max-snippet":"max-snippet:-1","max-image-preview":"max-image-preview:large","max-video-preview":"max-video-preview:-1"},"canonical":"https:\/\/modulax.com.br\/institucional\/","og_locale":"es_ES","og_type":"article","og_title":"Institucional &raquo; Grupo Modulax","og_description":"[:pb]Fundado em 2006, o Grupo Modulax \u00e9 especializado na cria\u00e7\u00e3o de projetos para montagem e implanta\u00e7\u00e3o de plantas industriais destinadas \u00e0s \u00e1reas de siderurgia e minera\u00e7\u00e3o. Atualmente \u00e9 considerado refer\u00eancia em seu ramo de atua\u00e7\u00e3o, com opera\u00e7\u00f5es no Brasil, Am\u00e9rica Latina e \u00c1frica. Com solu\u00e7\u00f5es inovadoras e equipamentos modernos, garantimos resultados que proporcionam menor custo de produ\u00e7\u00e3o e maior rentabilidade aos projetos.[:en]Founded in 2006, Grupo Modulax specializes in the creation of projects for the assembly and implementation of industrial plants intended for the areas of steelworks and mining.  It is currently considered a benchmark in its field of activity, with operations in Brazil, Latin America, and Africa. With innovative solutions and modern equipment, we guarantee results that provide lower cost of production and greater profitability to projects. [:es]Fundado en 2006, la especialidad del Grupo Modulax es la creaci\u00f3n de proyectos para el montaje e implantaci\u00f3n de plantas industriales para las \u00e1reas de acero y miner\u00eda. Actualmente es visto como un punto de referencia en su campo de acci\u00f3n, con operaciones en Brasil, Am\u00e9rica Latina y \u00c1frica. Con soluciones innovadoras y equipos modernos, garantizamos resultados que ofrecen costos m\u00e1s bajos de producci\u00f3n y rentabilidad m\u00e1s alta para los proyectos.[:]","og_url":"https:\/\/modulax.com.br\/institucional\/","og_site_name":"Grupo Modulax","article_publisher":"https:\/\/www.facebook.com\/Modulax-165285097001690\/","article_modified_time":"2019-07-11T19:24:34+00:00","og_image":[{"width":1920,"height":353,"url":"https:\/\/modulax.com.br\/site\/wp-content\/uploads\/2019\/03\/banner-institucional.jpg","type":"image\/jpeg"}],"twitter_card":"summary_large_image","twitter_misc":{"Tiempo de lectura":"3 minutos"},"schema":{"@context":"https:\/\/schema.org","@graph":[{"@type":"Organization","@id":"https:\/\/modulax.com.br\/#organization","name":"Grupo Modulax","url":"https:\/\/modulax.com.br\/","sameAs":["https:\/\/www.facebook.com\/Modulax-165285097001690\/","https:\/\/www.instagram.com\/modulax\/"],"logo":{"@type":"ImageObject","@id":"https:\/\/modulax.com.br\/#logo","inLanguage":"es","url":"http:\/\/modulax.com.br\/site\/wp-content\/uploads\/2019\/03\/logo-1.png","contentUrl":"http:\/\/modulax.com.br\/site\/wp-content\/uploads\/2019\/03\/logo-1.png","width":1309,"height":200,"caption":"Grupo Modulax"},"image":{"@id":"https:\/\/modulax.com.br\/#logo"}},{"@type":"WebSite","@id":"https:\/\/modulax.com.br\/#website","url":"https:\/\/modulax.com.br\/","name":"Grupo Modulax","description":"","publisher":{"@id":"https:\/\/modulax.com.br\/#organization"},"potentialAction":[{"@type":"SearchAction","target":{"@type":"EntryPoint","urlTemplate":"https:\/\/modulax.com.br\/?s={search_term_string}"},"query-input":"required name=search_term_string"}],"inLanguage":"es"},{"@type":"ImageObject","@id":"https:\/\/modulax.com.br\/institucional\/#primaryimage","inLanguage":"es","url":"https:\/\/modulax.com.br\/site\/wp-content\/uploads\/2019\/03\/banner-institucional.jpg","contentUrl":"https:\/\/modulax.com.br\/site\/wp-content\/uploads\/2019\/03\/banner-institucional.jpg","width":1920,"height":353},{"@type":"WebPage","@id":"https:\/\/modulax.com.br\/institucional\/#webpage","url":"https:\/\/modulax.com.br\/institucional\/","name":"Institucional &raquo; Grupo Modulax","isPartOf":{"@id":"https:\/\/modulax.com.br\/#website"},"primaryImageOfPage":{"@id":"https:\/\/modulax.com.br\/institucional\/#primaryimage"},"datePublished":"2019-03-07T14:11:15+00:00","dateModified":"2019-07-11T19:24:34+00:00","breadcrumb":{"@id":"https:\/\/modulax.com.br\/institucional\/#breadcrumb"},"inLanguage":"es","potentialAction":[{"@type":"ReadAction","target":["https:\/\/modulax.com.br\/institucional\/"]}]},{"@type":"BreadcrumbList","@id":"https:\/\/modulax.com.br\/institucional\/#breadcrumb","itemListElement":[{"@type":"ListItem","position":1,"name":"In\u00edcio","item":"https:\/\/modulax.com.br\/"},{"@type":"ListItem","position":2,"name":"Institucional"}]}]}},"_links":{"self":[{"href":"https:\/\/modulax.com.br\/es\/wp-json\/wp\/v2\/pages\/10"}],"collection":[{"href":"https:\/\/modulax.com.br\/es\/wp-json\/wp\/v2\/pages"}],"about":[{"href":"https:\/\/modulax.com.br\/es\/wp-json\/wp\/v2\/types\/page"}],"author":[{"embeddable":true,"href":"https:\/\/modulax.com.br\/es\/wp-json\/wp\/v2\/users\/4"}],"replies":[{"embeddable":true,"href":"https:\/\/modulax.com.br\/es\/wp-json\/wp\/v2\/comments?post=10"}],"version-history":[{"count":35,"href":"https:\/\/modulax.com.br\/es\/wp-json\/wp\/v2\/pages\/10\/revisions"}],"predecessor-version":[{"id":2776,"href":"https:\/\/modulax.com.br\/es\/wp-json\/wp\/v2\/pages\/10\/revisions\/2776"}],"wp:featuredmedia":[{"embeddable":true,"href":"https:\/\/modulax.com.br\/es\/wp-json\/wp\/v2\/media\/153"}],"wp:attachment":[{"href":"https:\/\/modulax.com.br\/es\/wp-json\/wp\/v2\/media?parent=10"}],"curies":[{"name":"wp","href":"https:\/\/api.w.org\/{rel}","templated":true}]}}