{"id":277,"date":"2019-03-15T10:54:31","date_gmt":"2019-03-15T13:54:31","guid":{"rendered":"http:\/\/modulax.com.br\/site\/?page_id=277"},"modified":"2019-07-11T15:43:43","modified_gmt":"2019-07-11T18:43:43","slug":"produtos","status":"publish","type":"page","link":"https:\/\/modulax.com.br\/es\/unidades-de-negocio\/siderurgia\/produtos\/","title":{"rendered":"Produtos"},"content":{"rendered":"<p><\/p>\n<h2><span style=\"color: #fc5000;\">Informa\u00e7\u00f5es T\u00e9cnicas<\/span><\/h2>\n<table style=\"height: 178px; width: 106.328%;\" border=\"1\">\n<thead>\n<tr style=\"background-color: #fc5000;\">\n<td style=\"border-style: solid; border-color: #474747; height: 46px; width: 16.6791%; text-align: center; vertical-align: middle;\" rowspan=\"2\"><span style=\"color: #ffffff;\"><strong>PRODUTOS<\/strong><\/span><\/td>\n<td style=\"border-style: solid; border-color: #474747; height: 23px; width: 78.2449%; text-align: center; vertical-align: middle;\" colspan=\"5\"><span style=\"color: #ffffff;\"><strong>Especifica\u00e7\u00f5es Qu\u00edmicas\u00a0 em %<\/strong><\/span><\/td>\n<\/tr>\n<tr style=\"background-color: #fc5000;\">\n<td style=\"border-style: solid; border-color: #474747; height: 23px; width: 14.5253%; text-align: center; vertical-align: middle;\"><span style=\"color: #ffffff;\"><strong>Carbono (C)<\/strong><\/span><\/td>\n<td style=\"border-style: solid; border-color: #474747; height: 23px; width: 14.2176%; text-align: center; vertical-align: middle;\"><span style=\"color: #ffffff;\"><strong>F\u00f3sforo (P)<\/strong><\/span><\/td>\n<td style=\"border-style: solid; border-color: #474747; height: 23px; width: 16.3293%; text-align: center; vertical-align: middle;\"><span style=\"color: #ffffff;\"><strong>Sil\u00edcio (Si)<\/strong><\/span><\/td>\n<td style=\"border-style: solid; border-color: #474747; height: 23px; width: 19.1906%; text-align: center; vertical-align: middle;\"><span style=\"color: #ffffff;\"><strong>Enxofre (S)<\/strong><\/span><\/td>\n<td style=\"border-style: solid; border-color: #474747; height: 23px; width: 13.9821%; text-align: center; vertical-align: middle;\"><span style=\"color: #ffffff;\"><strong>Mangan\u00eas (Mn)<\/strong><\/span><\/td>\n<\/tr>\n<\/thead>\n<tbody>\n<tr style=\"height: 23px;\">\n<td style=\"border-style: solid; border-color: #474747; height: 23px; width: 16.6791%; vertical-align: middle; text-align: left;\">Ferro Gusa Aciaria<\/td>\n<td style=\"border-style: solid; border-color: #474747; height: 23px; width: 14.5253%; text-align: center; vertical-align: middle;\">3,5 &#8211; 4,5<\/td>\n<td style=\"border-style: solid; border-color: #474747; height: 23px; width: 14.2176%; text-align: center; vertical-align: middle;\">0,15 M\u00e1ximo<\/td>\n<td style=\"border-style: solid; border-color: #474747; height: 23px; width: 16.3293%; text-align: center; vertical-align: middle;\">1,5 M\u00e1ximo<\/td>\n<td style=\"border-style: solid; border-color: #474747; height: 23px; width: 19.1906%; text-align: center; vertical-align: middle;\">0,05 M\u00e1ximo<\/td>\n<td style=\"border-style: solid; border-color: #474747; height: 23px; width: 13.9821%; text-align: center; vertical-align: middle;\">1,0 M\u00e1ximo<\/td>\n<\/tr>\n<tr style=\"height: 23px;\">\n<td style=\"border-style: solid; border-color: #474747; height: 23px; width: 16.6791%; vertical-align: middle; text-align: left;\">Ferro Gusa Cinzento<\/td>\n<td style=\"border-style: solid; border-color: #474747; height: 23px; width: 14.5253%; text-align: center; vertical-align: middle;\">3,5 &#8211; 4,5<\/td>\n<td style=\"border-style: solid; border-color: #474747; height: 23px; width: 14.2176%; text-align: center; vertical-align: middle;\">0,12 M\u00e1ximo<\/td>\n<td style=\"border-style: solid; border-color: #474747; height: 23px; width: 16.3293%; text-align: center; vertical-align: middle;\">1,5 M\u00e1ximo<\/td>\n<td style=\"border-style: solid; border-color: #474747; height: 23px; width: 19.1906%; text-align: center; vertical-align: middle;\">0,05 M\u00e1ximo<\/td>\n<td style=\"border-style: solid; border-color: #474747; height: 23px; width: 13.9821%; text-align: center; vertical-align: middle;\">1,0 M\u00e1ximo<\/td>\n<\/tr>\n<tr style=\"height: 23px;\">\n<td style=\"border-style: solid; border-color: #474747; height: 23px; width: 16.6791%; vertical-align: middle; text-align: left;\">Ferro Gusa Nodular<\/td>\n<td style=\"border-style: solid; border-color: #474747; height: 23px; width: 14.5253%; text-align: center; vertical-align: middle;\">3,5 &#8211; 4,5<\/td>\n<td style=\"border-style: solid; border-color: #474747; height: 23px; width: 14.2176%; text-align: center; vertical-align: middle;\">0,1 M\u00e1ximo<\/td>\n<td style=\"border-style: solid; border-color: #474747; height: 23px; width: 16.3293%; text-align: center; vertical-align: middle;\">1,5 M\u00e1ximo<\/td>\n<td style=\"border-style: solid; border-color: #474747; height: 23px; width: 19.1906%; text-align: center; vertical-align: middle;\">0,05 M\u00e1ximo<\/td>\n<td style=\"border-style: solid; border-color: #474747; height: 23px; width: 13.9821%; text-align: center; vertical-align: middle;\">0,1 M\u00e1ximo<\/td>\n<\/tr>\n<\/tbody>\n<\/table>\n<p><\/p>","protected":false},"excerpt":{"rendered":"<p>Informa\u00e7\u00f5es T\u00e9cnicas PRODUTOS Especifica\u00e7\u00f5es Qu\u00edmicas\u00a0 em % Carbono (C) F\u00f3sforo (P) Sil\u00edcio (Si) Enxofre (S) Mangan\u00eas (Mn) Ferro Gusa Aciaria 3,5 &#8211; 4,5 0,15 M\u00e1ximo 1,5 M\u00e1ximo 0,05 M\u00e1ximo 1,0 M\u00e1ximo Ferro Gusa Cinzento 3,5 &#8211; 4,5 0,12 M\u00e1ximo 1,5 M\u00e1ximo 0,05 M\u00e1ximo 1,0 M\u00e1ximo Ferro Gusa Nodular 3,5 &#8211; 4,5 0,1 M\u00e1ximo 1,5 M\u00e1ximo [&hellip;]<\/p>\n","protected":false},"author":4,"featured_media":273,"parent":141,"menu_order":1,"comment_status":"closed","ping_status":"closed","template":"template-units-products.php","meta":[],"yoast_head":"<!-- This site is optimized with the Yoast SEO plugin v17.3 - https:\/\/yoast.com\/wordpress\/plugins\/seo\/ -->\n<title>Produtos &raquo; Grupo Modulax<\/title>\n<meta name=\"robots\" content=\"index, follow, max-snippet:-1, max-image-preview:large, max-video-preview:-1\" \/>\n<link rel=\"canonical\" href=\"https:\/\/modulax.com.br\/unidades-de-negocio\/siderurgia\/produtos\/\" \/>\n<meta property=\"og:locale\" content=\"es_ES\" \/>\n<meta property=\"og:type\" content=\"article\" \/>\n<meta property=\"og:title\" content=\"Produtos &raquo; Grupo Modulax\" \/>\n<meta property=\"og:description\" content=\"Informa\u00e7\u00f5es T\u00e9cnicas PRODUTOS Especifica\u00e7\u00f5es Qu\u00edmicas\u00a0 em % Carbono (C) F\u00f3sforo (P) Sil\u00edcio (Si) Enxofre (S) Mangan\u00eas (Mn) Ferro Gusa Aciaria 3,5 &#8211; 4,5 0,15 M\u00e1ximo 1,5 M\u00e1ximo 0,05 M\u00e1ximo 1,0 M\u00e1ximo Ferro Gusa Cinzento 3,5 &#8211; 4,5 0,12 M\u00e1ximo 1,5 M\u00e1ximo 0,05 M\u00e1ximo 1,0 M\u00e1ximo Ferro Gusa Nodular 3,5 &#8211; 4,5 0,1 M\u00e1ximo 1,5 M\u00e1ximo [&hellip;]\" \/>\n<meta property=\"og:url\" content=\"https:\/\/modulax.com.br\/unidades-de-negocio\/siderurgia\/produtos\/\" \/>\n<meta property=\"og:site_name\" content=\"Grupo Modulax\" \/>\n<meta property=\"article:publisher\" content=\"https:\/\/www.facebook.com\/Modulax-165285097001690\/\" \/>\n<meta property=\"article:modified_time\" content=\"2019-07-11T18:43:43+00:00\" \/>\n<meta property=\"og:image\" content=\"https:\/\/modulax.com.br\/site\/wp-content\/uploads\/2019\/03\/banner-siderurgica.jpg\" \/>\n\t<meta property=\"og:image:width\" content=\"1920\" \/>\n\t<meta property=\"og:image:height\" content=\"1080\" \/>\n<meta name=\"twitter:card\" content=\"summary_large_image\" \/>\n<script type=\"application\/ld+json\" class=\"yoast-schema-graph\">{\"@context\":\"https:\/\/schema.org\",\"@graph\":[{\"@type\":\"Organization\",\"@id\":\"https:\/\/modulax.com.br\/#organization\",\"name\":\"Grupo Modulax\",\"url\":\"https:\/\/modulax.com.br\/\",\"sameAs\":[\"https:\/\/www.facebook.com\/Modulax-165285097001690\/\",\"https:\/\/www.instagram.com\/modulax\/\"],\"logo\":{\"@type\":\"ImageObject\",\"@id\":\"https:\/\/modulax.com.br\/#logo\",\"inLanguage\":\"es\",\"url\":\"http:\/\/modulax.com.br\/site\/wp-content\/uploads\/2019\/03\/logo-1.png\",\"contentUrl\":\"http:\/\/modulax.com.br\/site\/wp-content\/uploads\/2019\/03\/logo-1.png\",\"width\":1309,\"height\":200,\"caption\":\"Grupo Modulax\"},\"image\":{\"@id\":\"https:\/\/modulax.com.br\/#logo\"}},{\"@type\":\"WebSite\",\"@id\":\"https:\/\/modulax.com.br\/#website\",\"url\":\"https:\/\/modulax.com.br\/\",\"name\":\"Grupo Modulax\",\"description\":\"\",\"publisher\":{\"@id\":\"https:\/\/modulax.com.br\/#organization\"},\"potentialAction\":[{\"@type\":\"SearchAction\",\"target\":{\"@type\":\"EntryPoint\",\"urlTemplate\":\"https:\/\/modulax.com.br\/?s={search_term_string}\"},\"query-input\":\"required name=search_term_string\"}],\"inLanguage\":\"es\"},{\"@type\":\"ImageObject\",\"@id\":\"https:\/\/modulax.com.br\/unidades-de-negocio\/siderurgia\/produtos\/#primaryimage\",\"inLanguage\":\"es\",\"url\":\"https:\/\/modulax.com.br\/site\/wp-content\/uploads\/2019\/03\/banner-siderurgica.jpg\",\"contentUrl\":\"https:\/\/modulax.com.br\/site\/wp-content\/uploads\/2019\/03\/banner-siderurgica.jpg\",\"width\":1920,\"height\":1080},{\"@type\":\"WebPage\",\"@id\":\"https:\/\/modulax.com.br\/unidades-de-negocio\/siderurgia\/produtos\/#webpage\",\"url\":\"https:\/\/modulax.com.br\/unidades-de-negocio\/siderurgia\/produtos\/\",\"name\":\"Produtos &raquo; Grupo Modulax\",\"isPartOf\":{\"@id\":\"https:\/\/modulax.com.br\/#website\"},\"primaryImageOfPage\":{\"@id\":\"https:\/\/modulax.com.br\/unidades-de-negocio\/siderurgia\/produtos\/#primaryimage\"},\"datePublished\":\"2019-03-15T13:54:31+00:00\",\"dateModified\":\"2019-07-11T18:43:43+00:00\",\"breadcrumb\":{\"@id\":\"https:\/\/modulax.com.br\/unidades-de-negocio\/siderurgia\/produtos\/#breadcrumb\"},\"inLanguage\":\"es\",\"potentialAction\":[{\"@type\":\"ReadAction\",\"target\":[\"https:\/\/modulax.com.br\/unidades-de-negocio\/siderurgia\/produtos\/\"]}]},{\"@type\":\"BreadcrumbList\",\"@id\":\"https:\/\/modulax.com.br\/unidades-de-negocio\/siderurgia\/produtos\/#breadcrumb\",\"itemListElement\":[{\"@type\":\"ListItem\",\"position\":1,\"name\":\"In\\u00edcio\",\"item\":\"https:\/\/modulax.com.br\/\"},{\"@type\":\"ListItem\",\"position\":2,\"name\":\"Unidades de Neg\\u00f3cio\",\"item\":\"https:\/\/modulax.com.br\/unidades-de-negocio\/\"},{\"@type\":\"ListItem\",\"position\":3,\"name\":\"Modulax Siderurgia\",\"item\":\"https:\/\/modulax.com.br\/unidades-de-negocio\/siderurgia\/\"},{\"@type\":\"ListItem\",\"position\":4,\"name\":\"Produtos\"}]}]}<\/script>\n<!-- \/ Yoast SEO plugin. -->","yoast_head_json":{"title":"Produtos &raquo; Grupo Modulax","robots":{"index":"index","follow":"follow","max-snippet":"max-snippet:-1","max-image-preview":"max-image-preview:large","max-video-preview":"max-video-preview:-1"},"canonical":"https:\/\/modulax.com.br\/unidades-de-negocio\/siderurgia\/produtos\/","og_locale":"es_ES","og_type":"article","og_title":"Produtos &raquo; Grupo Modulax","og_description":"Informa\u00e7\u00f5es T\u00e9cnicas PRODUTOS Especifica\u00e7\u00f5es Qu\u00edmicas\u00a0 em % Carbono (C) F\u00f3sforo (P) Sil\u00edcio (Si) Enxofre (S) Mangan\u00eas (Mn) Ferro Gusa Aciaria 3,5 &#8211; 4,5 0,15 M\u00e1ximo 1,5 M\u00e1ximo 0,05 M\u00e1ximo 1,0 M\u00e1ximo Ferro Gusa Cinzento 3,5 &#8211; 4,5 0,12 M\u00e1ximo 1,5 M\u00e1ximo 0,05 M\u00e1ximo 1,0 M\u00e1ximo Ferro Gusa Nodular 3,5 &#8211; 4,5 0,1 M\u00e1ximo 1,5 M\u00e1ximo [&hellip;]","og_url":"https:\/\/modulax.com.br\/unidades-de-negocio\/siderurgia\/produtos\/","og_site_name":"Grupo Modulax","article_publisher":"https:\/\/www.facebook.com\/Modulax-165285097001690\/","article_modified_time":"2019-07-11T18:43:43+00:00","og_image":[{"width":1920,"height":1080,"url":"https:\/\/modulax.com.br\/site\/wp-content\/uploads\/2019\/03\/banner-siderurgica.jpg","type":"image\/jpeg"}],"twitter_card":"summary_large_image","schema":{"@context":"https:\/\/schema.org","@graph":[{"@type":"Organization","@id":"https:\/\/modulax.com.br\/#organization","name":"Grupo Modulax","url":"https:\/\/modulax.com.br\/","sameAs":["https:\/\/www.facebook.com\/Modulax-165285097001690\/","https:\/\/www.instagram.com\/modulax\/"],"logo":{"@type":"ImageObject","@id":"https:\/\/modulax.com.br\/#logo","inLanguage":"es","url":"http:\/\/modulax.com.br\/site\/wp-content\/uploads\/2019\/03\/logo-1.png","contentUrl":"http:\/\/modulax.com.br\/site\/wp-content\/uploads\/2019\/03\/logo-1.png","width":1309,"height":200,"caption":"Grupo Modulax"},"image":{"@id":"https:\/\/modulax.com.br\/#logo"}},{"@type":"WebSite","@id":"https:\/\/modulax.com.br\/#website","url":"https:\/\/modulax.com.br\/","name":"Grupo Modulax","description":"","publisher":{"@id":"https:\/\/modulax.com.br\/#organization"},"potentialAction":[{"@type":"SearchAction","target":{"@type":"EntryPoint","urlTemplate":"https:\/\/modulax.com.br\/?s={search_term_string}"},"query-input":"required name=search_term_string"}],"inLanguage":"es"},{"@type":"ImageObject","@id":"https:\/\/modulax.com.br\/unidades-de-negocio\/siderurgia\/produtos\/#primaryimage","inLanguage":"es","url":"https:\/\/modulax.com.br\/site\/wp-content\/uploads\/2019\/03\/banner-siderurgica.jpg","contentUrl":"https:\/\/modulax.com.br\/site\/wp-content\/uploads\/2019\/03\/banner-siderurgica.jpg","width":1920,"height":1080},{"@type":"WebPage","@id":"https:\/\/modulax.com.br\/unidades-de-negocio\/siderurgia\/produtos\/#webpage","url":"https:\/\/modulax.com.br\/unidades-de-negocio\/siderurgia\/produtos\/","name":"Produtos &raquo; Grupo Modulax","isPartOf":{"@id":"https:\/\/modulax.com.br\/#website"},"primaryImageOfPage":{"@id":"https:\/\/modulax.com.br\/unidades-de-negocio\/siderurgia\/produtos\/#primaryimage"},"datePublished":"2019-03-15T13:54:31+00:00","dateModified":"2019-07-11T18:43:43+00:00","breadcrumb":{"@id":"https:\/\/modulax.com.br\/unidades-de-negocio\/siderurgia\/produtos\/#breadcrumb"},"inLanguage":"es","potentialAction":[{"@type":"ReadAction","target":["https:\/\/modulax.com.br\/unidades-de-negocio\/siderurgia\/produtos\/"]}]},{"@type":"BreadcrumbList","@id":"https:\/\/modulax.com.br\/unidades-de-negocio\/siderurgia\/produtos\/#breadcrumb","itemListElement":[{"@type":"ListItem","position":1,"name":"In\u00edcio","item":"https:\/\/modulax.com.br\/"},{"@type":"ListItem","position":2,"name":"Unidades de Neg\u00f3cio","item":"https:\/\/modulax.com.br\/unidades-de-negocio\/"},{"@type":"ListItem","position":3,"name":"Modulax Siderurgia","item":"https:\/\/modulax.com.br\/unidades-de-negocio\/siderurgia\/"},{"@type":"ListItem","position":4,"name":"Produtos"}]}]}},"_links":{"self":[{"href":"https:\/\/modulax.com.br\/es\/wp-json\/wp\/v2\/pages\/277"}],"collection":[{"href":"https:\/\/modulax.com.br\/es\/wp-json\/wp\/v2\/pages"}],"about":[{"href":"https:\/\/modulax.com.br\/es\/wp-json\/wp\/v2\/types\/page"}],"author":[{"embeddable":true,"href":"https:\/\/modulax.com.br\/es\/wp-json\/wp\/v2\/users\/4"}],"replies":[{"embeddable":true,"href":"https:\/\/modulax.com.br\/es\/wp-json\/wp\/v2\/comments?post=277"}],"version-history":[{"count":16,"href":"https:\/\/modulax.com.br\/es\/wp-json\/wp\/v2\/pages\/277\/revisions"}],"predecessor-version":[{"id":2761,"href":"https:\/\/modulax.com.br\/es\/wp-json\/wp\/v2\/pages\/277\/revisions\/2761"}],"up":[{"embeddable":true,"href":"https:\/\/modulax.com.br\/es\/wp-json\/wp\/v2\/pages\/141"}],"wp:featuredmedia":[{"embeddable":true,"href":"https:\/\/modulax.com.br\/es\/wp-json\/wp\/v2\/media\/273"}],"wp:attachment":[{"href":"https:\/\/modulax.com.br\/es\/wp-json\/wp\/v2\/media?parent=277"}],"curies":[{"name":"wp","href":"https:\/\/api.w.org\/{rel}","templated":true}]}}