{"id":281,"date":"2019-03-15T11:07:09","date_gmt":"2019-03-15T14:07:09","guid":{"rendered":"http:\/\/modulax.com.br\/site\/?page_id=281"},"modified":"2019-07-16T11:20:47","modified_gmt":"2019-07-16T14:20:47","slug":"nossos-servicos","status":"publish","type":"page","link":"https:\/\/modulax.com.br\/es\/unidades-de-negocio\/industria-y-comercio\/expertise\/","title":{"rendered":"Expertise"},"content":{"rendered":"<p><\/p>\n<p style=\"font-weight: 400;\">Desarrollamos proyectos de ingenier\u00eda para el dise\u00f1o, implementaci\u00f3n, modernizaci\u00f3n y adecuaci\u00f3n de plantas de acero o mineras, as\u00ed como sus equipos accesorios.<\/p>\n<p style=\"font-weight: 400;\">Nuestras soluciones est\u00e1n dise\u00f1adas para operar en entornos seguros y confiables, con un enfoque en el despliegue sostenible, asegurando a las inversiones el mejor retorno financiero para su proyecto.<\/p>\n<p style=\"font-weight: 400;\">Los proyectos se contratan en paquetes Turnkey y BOT (Built, Operate and Transfer). MODULAX tambi\u00e9n vende plantas industriales a trav\u00e9s de la fabricaci\u00f3n, operaci\u00f3n y transferencia de tecnolog\u00eda, lo que hace posible operar la bandeja construida, si es en inter\u00e9s del cliente.<\/p>\n<p>&nbsp;<\/p>\n<h3><span style=\"font-family: 'Arial','sans-serif'; color: #fc5000;\">FINANCIACI\u00d3N<\/span><\/h3>\n<p><strong>LOS PRODUCTOS M EST\u00c1N ACREDITADOS EN FINAME<\/strong><\/p>\n<p><img loading=\"lazy\" class=\"img-fluid alignnone wp-image-2567\" src=\"http:\/\/modulax.com.br\/site\/wp-content\/uploads\/2019\/05\/bndes-modulax-600x170.png\" alt=\"\" width=\"300\" height=\"85\" srcset=\"https:\/\/modulax.com.br\/site\/wp-content\/uploads\/2019\/05\/bndes-modulax-600x170.png 600w, https:\/\/modulax.com.br\/site\/wp-content\/uploads\/2019\/05\/bndes-modulax-768x217.png 768w, https:\/\/modulax.com.br\/site\/wp-content\/uploads\/2019\/05\/bndes-modulax.png 800w\" sizes=\"(max-width: 300px) 100vw, 300px\" \/><\/p>\n<p><\/p>","protected":false},"excerpt":{"rendered":"<p>Desarrollamos proyectos de ingenier\u00eda para el dise\u00f1o, implementaci\u00f3n, modernizaci\u00f3n y adecuaci\u00f3n de plantas de acero o mineras, as\u00ed como sus equipos accesorios. Nuestras soluciones est\u00e1n dise\u00f1adas para operar en entornos seguros y confiables, con un enfoque en el despliegue sostenible, asegurando a las inversiones el mejor retorno financiero para su proyecto. Los proyectos se contratan [&hellip;]<\/p>\n","protected":false},"author":4,"featured_media":272,"parent":143,"menu_order":0,"comment_status":"closed","ping_status":"closed","template":"template-units-about.php","meta":[],"yoast_head":"<!-- This site is optimized with the Yoast SEO plugin v17.3 - https:\/\/yoast.com\/wordpress\/plugins\/seo\/ -->\n<title>Expertise &raquo; Grupo Modulax<\/title>\n<meta name=\"robots\" content=\"index, follow, max-snippet:-1, max-image-preview:large, max-video-preview:-1\" \/>\n<link rel=\"canonical\" href=\"https:\/\/modulax.com.br\/unidades-de-negocio\/industria-e-comercio\/expertise\/\" \/>\n<meta property=\"og:locale\" content=\"es_ES\" \/>\n<meta property=\"og:type\" content=\"article\" \/>\n<meta property=\"og:title\" content=\"Expertise &raquo; Grupo Modulax\" \/>\n<meta property=\"og:description\" content=\"Desarrollamos proyectos de ingenier\u00eda para el dise\u00f1o, implementaci\u00f3n, modernizaci\u00f3n y adecuaci\u00f3n de plantas de acero o mineras, as\u00ed como sus equipos accesorios. Nuestras soluciones est\u00e1n dise\u00f1adas para operar en entornos seguros y confiables, con un enfoque en el despliegue sostenible, asegurando a las inversiones el mejor retorno financiero para su proyecto. Los proyectos se contratan [&hellip;]\" \/>\n<meta property=\"og:url\" content=\"https:\/\/modulax.com.br\/unidades-de-negocio\/industria-e-comercio\/expertise\/\" \/>\n<meta property=\"og:site_name\" content=\"Grupo Modulax\" \/>\n<meta property=\"article:publisher\" content=\"https:\/\/www.facebook.com\/Modulax-165285097001690\/\" \/>\n<meta property=\"article:modified_time\" content=\"2019-07-16T14:20:47+00:00\" \/>\n<meta property=\"og:image\" content=\"https:\/\/modulax.com.br\/site\/wp-content\/uploads\/2019\/03\/banner-industria.jpg\" \/>\n\t<meta property=\"og:image:width\" content=\"1920\" \/>\n\t<meta property=\"og:image:height\" content=\"1080\" \/>\n<meta name=\"twitter:card\" content=\"summary_large_image\" \/>\n<meta name=\"twitter:label1\" content=\"Tiempo de lectura\" \/>\n\t<meta name=\"twitter:data1\" content=\"2 minutos\" \/>\n<script type=\"application\/ld+json\" class=\"yoast-schema-graph\">{\"@context\":\"https:\/\/schema.org\",\"@graph\":[{\"@type\":\"Organization\",\"@id\":\"https:\/\/modulax.com.br\/#organization\",\"name\":\"Grupo Modulax\",\"url\":\"https:\/\/modulax.com.br\/\",\"sameAs\":[\"https:\/\/www.facebook.com\/Modulax-165285097001690\/\",\"https:\/\/www.instagram.com\/modulax\/\"],\"logo\":{\"@type\":\"ImageObject\",\"@id\":\"https:\/\/modulax.com.br\/#logo\",\"inLanguage\":\"es\",\"url\":\"http:\/\/modulax.com.br\/site\/wp-content\/uploads\/2019\/03\/logo-1.png\",\"contentUrl\":\"http:\/\/modulax.com.br\/site\/wp-content\/uploads\/2019\/03\/logo-1.png\",\"width\":1309,\"height\":200,\"caption\":\"Grupo Modulax\"},\"image\":{\"@id\":\"https:\/\/modulax.com.br\/#logo\"}},{\"@type\":\"WebSite\",\"@id\":\"https:\/\/modulax.com.br\/#website\",\"url\":\"https:\/\/modulax.com.br\/\",\"name\":\"Grupo Modulax\",\"description\":\"\",\"publisher\":{\"@id\":\"https:\/\/modulax.com.br\/#organization\"},\"potentialAction\":[{\"@type\":\"SearchAction\",\"target\":{\"@type\":\"EntryPoint\",\"urlTemplate\":\"https:\/\/modulax.com.br\/?s={search_term_string}\"},\"query-input\":\"required name=search_term_string\"}],\"inLanguage\":\"es\"},{\"@type\":\"ImageObject\",\"@id\":\"https:\/\/modulax.com.br\/unidades-de-negocio\/industria-e-comercio\/expertise\/#primaryimage\",\"inLanguage\":\"es\",\"url\":\"https:\/\/modulax.com.br\/site\/wp-content\/uploads\/2019\/03\/banner-industria.jpg\",\"contentUrl\":\"https:\/\/modulax.com.br\/site\/wp-content\/uploads\/2019\/03\/banner-industria.jpg\",\"width\":1920,\"height\":1080},{\"@type\":\"WebPage\",\"@id\":\"https:\/\/modulax.com.br\/unidades-de-negocio\/industria-e-comercio\/expertise\/#webpage\",\"url\":\"https:\/\/modulax.com.br\/unidades-de-negocio\/industria-e-comercio\/expertise\/\",\"name\":\"Expertise &raquo; Grupo Modulax\",\"isPartOf\":{\"@id\":\"https:\/\/modulax.com.br\/#website\"},\"primaryImageOfPage\":{\"@id\":\"https:\/\/modulax.com.br\/unidades-de-negocio\/industria-e-comercio\/expertise\/#primaryimage\"},\"datePublished\":\"2019-03-15T14:07:09+00:00\",\"dateModified\":\"2019-07-16T14:20:47+00:00\",\"breadcrumb\":{\"@id\":\"https:\/\/modulax.com.br\/unidades-de-negocio\/industria-e-comercio\/expertise\/#breadcrumb\"},\"inLanguage\":\"es\",\"potentialAction\":[{\"@type\":\"ReadAction\",\"target\":[\"https:\/\/modulax.com.br\/unidades-de-negocio\/industria-e-comercio\/expertise\/\"]}]},{\"@type\":\"BreadcrumbList\",\"@id\":\"https:\/\/modulax.com.br\/unidades-de-negocio\/industria-e-comercio\/expertise\/#breadcrumb\",\"itemListElement\":[{\"@type\":\"ListItem\",\"position\":1,\"name\":\"In\\u00edcio\",\"item\":\"https:\/\/modulax.com.br\/\"},{\"@type\":\"ListItem\",\"position\":2,\"name\":\"Unidades de Neg\\u00f3cio\",\"item\":\"https:\/\/modulax.com.br\/unidades-de-negocio\/\"},{\"@type\":\"ListItem\",\"position\":3,\"name\":\"Modulax Ind\\u00fastria e Com\\u00e9rcio\",\"item\":\"https:\/\/modulax.com.br\/unidades-de-negocio\/industria-e-comercio\/\"},{\"@type\":\"ListItem\",\"position\":4,\"name\":\"Expertise\"}]}]}<\/script>\n<!-- \/ Yoast SEO plugin. -->","yoast_head_json":{"title":"Expertise &raquo; Grupo Modulax","robots":{"index":"index","follow":"follow","max-snippet":"max-snippet:-1","max-image-preview":"max-image-preview:large","max-video-preview":"max-video-preview:-1"},"canonical":"https:\/\/modulax.com.br\/unidades-de-negocio\/industria-e-comercio\/expertise\/","og_locale":"es_ES","og_type":"article","og_title":"Expertise &raquo; Grupo Modulax","og_description":"Desarrollamos proyectos de ingenier\u00eda para el dise\u00f1o, implementaci\u00f3n, modernizaci\u00f3n y adecuaci\u00f3n de plantas de acero o mineras, as\u00ed como sus equipos accesorios. Nuestras soluciones est\u00e1n dise\u00f1adas para operar en entornos seguros y confiables, con un enfoque en el despliegue sostenible, asegurando a las inversiones el mejor retorno financiero para su proyecto. Los proyectos se contratan [&hellip;]","og_url":"https:\/\/modulax.com.br\/unidades-de-negocio\/industria-e-comercio\/expertise\/","og_site_name":"Grupo Modulax","article_publisher":"https:\/\/www.facebook.com\/Modulax-165285097001690\/","article_modified_time":"2019-07-16T14:20:47+00:00","og_image":[{"width":1920,"height":1080,"url":"https:\/\/modulax.com.br\/site\/wp-content\/uploads\/2019\/03\/banner-industria.jpg","type":"image\/jpeg"}],"twitter_card":"summary_large_image","twitter_misc":{"Tiempo de lectura":"2 minutos"},"schema":{"@context":"https:\/\/schema.org","@graph":[{"@type":"Organization","@id":"https:\/\/modulax.com.br\/#organization","name":"Grupo Modulax","url":"https:\/\/modulax.com.br\/","sameAs":["https:\/\/www.facebook.com\/Modulax-165285097001690\/","https:\/\/www.instagram.com\/modulax\/"],"logo":{"@type":"ImageObject","@id":"https:\/\/modulax.com.br\/#logo","inLanguage":"es","url":"http:\/\/modulax.com.br\/site\/wp-content\/uploads\/2019\/03\/logo-1.png","contentUrl":"http:\/\/modulax.com.br\/site\/wp-content\/uploads\/2019\/03\/logo-1.png","width":1309,"height":200,"caption":"Grupo Modulax"},"image":{"@id":"https:\/\/modulax.com.br\/#logo"}},{"@type":"WebSite","@id":"https:\/\/modulax.com.br\/#website","url":"https:\/\/modulax.com.br\/","name":"Grupo Modulax","description":"","publisher":{"@id":"https:\/\/modulax.com.br\/#organization"},"potentialAction":[{"@type":"SearchAction","target":{"@type":"EntryPoint","urlTemplate":"https:\/\/modulax.com.br\/?s={search_term_string}"},"query-input":"required name=search_term_string"}],"inLanguage":"es"},{"@type":"ImageObject","@id":"https:\/\/modulax.com.br\/unidades-de-negocio\/industria-e-comercio\/expertise\/#primaryimage","inLanguage":"es","url":"https:\/\/modulax.com.br\/site\/wp-content\/uploads\/2019\/03\/banner-industria.jpg","contentUrl":"https:\/\/modulax.com.br\/site\/wp-content\/uploads\/2019\/03\/banner-industria.jpg","width":1920,"height":1080},{"@type":"WebPage","@id":"https:\/\/modulax.com.br\/unidades-de-negocio\/industria-e-comercio\/expertise\/#webpage","url":"https:\/\/modulax.com.br\/unidades-de-negocio\/industria-e-comercio\/expertise\/","name":"Expertise &raquo; Grupo Modulax","isPartOf":{"@id":"https:\/\/modulax.com.br\/#website"},"primaryImageOfPage":{"@id":"https:\/\/modulax.com.br\/unidades-de-negocio\/industria-e-comercio\/expertise\/#primaryimage"},"datePublished":"2019-03-15T14:07:09+00:00","dateModified":"2019-07-16T14:20:47+00:00","breadcrumb":{"@id":"https:\/\/modulax.com.br\/unidades-de-negocio\/industria-e-comercio\/expertise\/#breadcrumb"},"inLanguage":"es","potentialAction":[{"@type":"ReadAction","target":["https:\/\/modulax.com.br\/unidades-de-negocio\/industria-e-comercio\/expertise\/"]}]},{"@type":"BreadcrumbList","@id":"https:\/\/modulax.com.br\/unidades-de-negocio\/industria-e-comercio\/expertise\/#breadcrumb","itemListElement":[{"@type":"ListItem","position":1,"name":"In\u00edcio","item":"https:\/\/modulax.com.br\/"},{"@type":"ListItem","position":2,"name":"Unidades de Neg\u00f3cio","item":"https:\/\/modulax.com.br\/unidades-de-negocio\/"},{"@type":"ListItem","position":3,"name":"Modulax Ind\u00fastria e Com\u00e9rcio","item":"https:\/\/modulax.com.br\/unidades-de-negocio\/industria-e-comercio\/"},{"@type":"ListItem","position":4,"name":"Expertise"}]}]}},"_links":{"self":[{"href":"https:\/\/modulax.com.br\/es\/wp-json\/wp\/v2\/pages\/281"}],"collection":[{"href":"https:\/\/modulax.com.br\/es\/wp-json\/wp\/v2\/pages"}],"about":[{"href":"https:\/\/modulax.com.br\/es\/wp-json\/wp\/v2\/types\/page"}],"author":[{"embeddable":true,"href":"https:\/\/modulax.com.br\/es\/wp-json\/wp\/v2\/users\/4"}],"replies":[{"embeddable":true,"href":"https:\/\/modulax.com.br\/es\/wp-json\/wp\/v2\/comments?post=281"}],"version-history":[{"count":43,"href":"https:\/\/modulax.com.br\/es\/wp-json\/wp\/v2\/pages\/281\/revisions"}],"predecessor-version":[{"id":2837,"href":"https:\/\/modulax.com.br\/es\/wp-json\/wp\/v2\/pages\/281\/revisions\/2837"}],"up":[{"embeddable":true,"href":"https:\/\/modulax.com.br\/es\/wp-json\/wp\/v2\/pages\/143"}],"wp:featuredmedia":[{"embeddable":true,"href":"https:\/\/modulax.com.br\/es\/wp-json\/wp\/v2\/media\/272"}],"wp:attachment":[{"href":"https:\/\/modulax.com.br\/es\/wp-json\/wp\/v2\/media?parent=281"}],"curies":[{"name":"wp","href":"https:\/\/api.w.org\/{rel}","templated":true}]}}