{"id":319,"date":"2019-03-15T15:31:02","date_gmt":"2019-03-15T18:31:02","guid":{"rendered":"http:\/\/modulax.com.br\/site\/?page_id=319"},"modified":"2019-07-11T17:35:26","modified_gmt":"2019-07-11T20:35:26","slug":"seja-fornecedor","status":"publish","type":"page","link":"https:\/\/modulax.com.br\/es\/unidades-de-negocio\/siderurgia\/sea-proveedor-2\/","title":{"rendered":"Sea un Proveedor"},"content":{"rendered":"<p><\/p>\n<p>Usted est\u00e1 en un \u00e1rea especialmente dise\u00f1ada para cualquier persona que quiera ser un proveedor de MODULAX.<\/p>\n<p>Aqu\u00ed encuentra el pre-registro de proveedores, una herramienta dise\u00f1ada para concentrar las informaciones sobre los proveedores potenciales para proyectos futuros.<\/p>\n<p>Modulax busca establecer una cadena de suministro que se asocie con empresas comprometidas con la calidad total, dispuestas a establecer asociaciones a largo plazo, basadas en confianza y transparencia.<\/p>\n<p><\/p>","protected":false},"excerpt":{"rendered":"<p>Usted est\u00e1 en un \u00e1rea especialmente dise\u00f1ada para cualquier persona que quiera ser un proveedor de MODULAX. Aqu\u00ed encuentra el pre-registro de proveedores, una herramienta dise\u00f1ada para concentrar las informaciones sobre los proveedores potenciales para proyectos futuros. Modulax busca establecer una cadena de suministro que se asocie con empresas comprometidas con la calidad total, dispuestas [&hellip;]<\/p>\n","protected":false},"author":4,"featured_media":273,"parent":141,"menu_order":2,"comment_status":"closed","ping_status":"closed","template":"template-units-supplier.php","meta":[],"yoast_head":"<!-- This site is optimized with the Yoast SEO plugin v17.3 - https:\/\/yoast.com\/wordpress\/plugins\/seo\/ -->\n<title>Sea un Proveedor &raquo; Grupo Modulax<\/title>\n<meta name=\"robots\" content=\"index, follow, max-snippet:-1, max-image-preview:large, max-video-preview:-1\" \/>\n<link rel=\"canonical\" href=\"https:\/\/modulax.com.br\/unidades-de-negocio\/siderurgia\/seja-fornecedor-2\/\" \/>\n<meta property=\"og:locale\" content=\"es_ES\" \/>\n<meta property=\"og:type\" content=\"article\" \/>\n<meta property=\"og:title\" content=\"Sea un Proveedor &raquo; Grupo Modulax\" \/>\n<meta property=\"og:description\" content=\"Usted est\u00e1 en un \u00e1rea especialmente dise\u00f1ada para cualquier persona que quiera ser un proveedor de MODULAX. Aqu\u00ed encuentra el pre-registro de proveedores, una herramienta dise\u00f1ada para concentrar las informaciones sobre los proveedores potenciales para proyectos futuros. Modulax busca establecer una cadena de suministro que se asocie con empresas comprometidas con la calidad total, dispuestas [&hellip;]\" \/>\n<meta property=\"og:url\" content=\"https:\/\/modulax.com.br\/unidades-de-negocio\/siderurgia\/seja-fornecedor-2\/\" \/>\n<meta property=\"og:site_name\" content=\"Grupo Modulax\" \/>\n<meta property=\"article:publisher\" content=\"https:\/\/www.facebook.com\/Modulax-165285097001690\/\" \/>\n<meta property=\"article:modified_time\" content=\"2019-07-11T20:35:26+00:00\" \/>\n<meta property=\"og:image\" content=\"https:\/\/modulax.com.br\/site\/wp-content\/uploads\/2019\/03\/banner-siderurgica.jpg\" \/>\n\t<meta property=\"og:image:width\" content=\"1920\" \/>\n\t<meta property=\"og:image:height\" content=\"1080\" \/>\n<meta name=\"twitter:card\" content=\"summary_large_image\" \/>\n<meta name=\"twitter:label1\" content=\"Tiempo de lectura\" \/>\n\t<meta name=\"twitter:data1\" content=\"1 minuto\" \/>\n<script type=\"application\/ld+json\" class=\"yoast-schema-graph\">{\"@context\":\"https:\/\/schema.org\",\"@graph\":[{\"@type\":\"Organization\",\"@id\":\"https:\/\/modulax.com.br\/#organization\",\"name\":\"Grupo Modulax\",\"url\":\"https:\/\/modulax.com.br\/\",\"sameAs\":[\"https:\/\/www.facebook.com\/Modulax-165285097001690\/\",\"https:\/\/www.instagram.com\/modulax\/\"],\"logo\":{\"@type\":\"ImageObject\",\"@id\":\"https:\/\/modulax.com.br\/#logo\",\"inLanguage\":\"es\",\"url\":\"http:\/\/modulax.com.br\/site\/wp-content\/uploads\/2019\/03\/logo-1.png\",\"contentUrl\":\"http:\/\/modulax.com.br\/site\/wp-content\/uploads\/2019\/03\/logo-1.png\",\"width\":1309,\"height\":200,\"caption\":\"Grupo Modulax\"},\"image\":{\"@id\":\"https:\/\/modulax.com.br\/#logo\"}},{\"@type\":\"WebSite\",\"@id\":\"https:\/\/modulax.com.br\/#website\",\"url\":\"https:\/\/modulax.com.br\/\",\"name\":\"Grupo Modulax\",\"description\":\"\",\"publisher\":{\"@id\":\"https:\/\/modulax.com.br\/#organization\"},\"potentialAction\":[{\"@type\":\"SearchAction\",\"target\":{\"@type\":\"EntryPoint\",\"urlTemplate\":\"https:\/\/modulax.com.br\/?s={search_term_string}\"},\"query-input\":\"required name=search_term_string\"}],\"inLanguage\":\"es\"},{\"@type\":\"ImageObject\",\"@id\":\"https:\/\/modulax.com.br\/unidades-de-negocio\/siderurgia\/seja-fornecedor-2\/#primaryimage\",\"inLanguage\":\"es\",\"url\":\"https:\/\/modulax.com.br\/site\/wp-content\/uploads\/2019\/03\/banner-siderurgica.jpg\",\"contentUrl\":\"https:\/\/modulax.com.br\/site\/wp-content\/uploads\/2019\/03\/banner-siderurgica.jpg\",\"width\":1920,\"height\":1080},{\"@type\":\"WebPage\",\"@id\":\"https:\/\/modulax.com.br\/unidades-de-negocio\/siderurgia\/seja-fornecedor-2\/#webpage\",\"url\":\"https:\/\/modulax.com.br\/unidades-de-negocio\/siderurgia\/seja-fornecedor-2\/\",\"name\":\"Sea un Proveedor &raquo; Grupo Modulax\",\"isPartOf\":{\"@id\":\"https:\/\/modulax.com.br\/#website\"},\"primaryImageOfPage\":{\"@id\":\"https:\/\/modulax.com.br\/unidades-de-negocio\/siderurgia\/seja-fornecedor-2\/#primaryimage\"},\"datePublished\":\"2019-03-15T18:31:02+00:00\",\"dateModified\":\"2019-07-11T20:35:26+00:00\",\"breadcrumb\":{\"@id\":\"https:\/\/modulax.com.br\/unidades-de-negocio\/siderurgia\/seja-fornecedor-2\/#breadcrumb\"},\"inLanguage\":\"es\",\"potentialAction\":[{\"@type\":\"ReadAction\",\"target\":[\"https:\/\/modulax.com.br\/unidades-de-negocio\/siderurgia\/seja-fornecedor-2\/\"]}]},{\"@type\":\"BreadcrumbList\",\"@id\":\"https:\/\/modulax.com.br\/unidades-de-negocio\/siderurgia\/seja-fornecedor-2\/#breadcrumb\",\"itemListElement\":[{\"@type\":\"ListItem\",\"position\":1,\"name\":\"In\\u00edcio\",\"item\":\"https:\/\/modulax.com.br\/\"},{\"@type\":\"ListItem\",\"position\":2,\"name\":\"Unidades de Neg\\u00f3cio\",\"item\":\"https:\/\/modulax.com.br\/unidades-de-negocio\/\"},{\"@type\":\"ListItem\",\"position\":3,\"name\":\"Modulax Siderurgia\",\"item\":\"https:\/\/modulax.com.br\/unidades-de-negocio\/siderurgia\/\"},{\"@type\":\"ListItem\",\"position\":4,\"name\":\"Seja Fornecedor\"}]}]}<\/script>\n<!-- \/ Yoast SEO plugin. -->","yoast_head_json":{"title":"Sea un Proveedor &raquo; Grupo Modulax","robots":{"index":"index","follow":"follow","max-snippet":"max-snippet:-1","max-image-preview":"max-image-preview:large","max-video-preview":"max-video-preview:-1"},"canonical":"https:\/\/modulax.com.br\/unidades-de-negocio\/siderurgia\/seja-fornecedor-2\/","og_locale":"es_ES","og_type":"article","og_title":"Sea un Proveedor &raquo; Grupo Modulax","og_description":"Usted est\u00e1 en un \u00e1rea especialmente dise\u00f1ada para cualquier persona que quiera ser un proveedor de MODULAX. Aqu\u00ed encuentra el pre-registro de proveedores, una herramienta dise\u00f1ada para concentrar las informaciones sobre los proveedores potenciales para proyectos futuros. Modulax busca establecer una cadena de suministro que se asocie con empresas comprometidas con la calidad total, dispuestas [&hellip;]","og_url":"https:\/\/modulax.com.br\/unidades-de-negocio\/siderurgia\/seja-fornecedor-2\/","og_site_name":"Grupo Modulax","article_publisher":"https:\/\/www.facebook.com\/Modulax-165285097001690\/","article_modified_time":"2019-07-11T20:35:26+00:00","og_image":[{"width":1920,"height":1080,"url":"https:\/\/modulax.com.br\/site\/wp-content\/uploads\/2019\/03\/banner-siderurgica.jpg","type":"image\/jpeg"}],"twitter_card":"summary_large_image","twitter_misc":{"Tiempo de lectura":"1 minuto"},"schema":{"@context":"https:\/\/schema.org","@graph":[{"@type":"Organization","@id":"https:\/\/modulax.com.br\/#organization","name":"Grupo Modulax","url":"https:\/\/modulax.com.br\/","sameAs":["https:\/\/www.facebook.com\/Modulax-165285097001690\/","https:\/\/www.instagram.com\/modulax\/"],"logo":{"@type":"ImageObject","@id":"https:\/\/modulax.com.br\/#logo","inLanguage":"es","url":"http:\/\/modulax.com.br\/site\/wp-content\/uploads\/2019\/03\/logo-1.png","contentUrl":"http:\/\/modulax.com.br\/site\/wp-content\/uploads\/2019\/03\/logo-1.png","width":1309,"height":200,"caption":"Grupo Modulax"},"image":{"@id":"https:\/\/modulax.com.br\/#logo"}},{"@type":"WebSite","@id":"https:\/\/modulax.com.br\/#website","url":"https:\/\/modulax.com.br\/","name":"Grupo Modulax","description":"","publisher":{"@id":"https:\/\/modulax.com.br\/#organization"},"potentialAction":[{"@type":"SearchAction","target":{"@type":"EntryPoint","urlTemplate":"https:\/\/modulax.com.br\/?s={search_term_string}"},"query-input":"required name=search_term_string"}],"inLanguage":"es"},{"@type":"ImageObject","@id":"https:\/\/modulax.com.br\/unidades-de-negocio\/siderurgia\/seja-fornecedor-2\/#primaryimage","inLanguage":"es","url":"https:\/\/modulax.com.br\/site\/wp-content\/uploads\/2019\/03\/banner-siderurgica.jpg","contentUrl":"https:\/\/modulax.com.br\/site\/wp-content\/uploads\/2019\/03\/banner-siderurgica.jpg","width":1920,"height":1080},{"@type":"WebPage","@id":"https:\/\/modulax.com.br\/unidades-de-negocio\/siderurgia\/seja-fornecedor-2\/#webpage","url":"https:\/\/modulax.com.br\/unidades-de-negocio\/siderurgia\/seja-fornecedor-2\/","name":"Sea un Proveedor &raquo; Grupo Modulax","isPartOf":{"@id":"https:\/\/modulax.com.br\/#website"},"primaryImageOfPage":{"@id":"https:\/\/modulax.com.br\/unidades-de-negocio\/siderurgia\/seja-fornecedor-2\/#primaryimage"},"datePublished":"2019-03-15T18:31:02+00:00","dateModified":"2019-07-11T20:35:26+00:00","breadcrumb":{"@id":"https:\/\/modulax.com.br\/unidades-de-negocio\/siderurgia\/seja-fornecedor-2\/#breadcrumb"},"inLanguage":"es","potentialAction":[{"@type":"ReadAction","target":["https:\/\/modulax.com.br\/unidades-de-negocio\/siderurgia\/seja-fornecedor-2\/"]}]},{"@type":"BreadcrumbList","@id":"https:\/\/modulax.com.br\/unidades-de-negocio\/siderurgia\/seja-fornecedor-2\/#breadcrumb","itemListElement":[{"@type":"ListItem","position":1,"name":"In\u00edcio","item":"https:\/\/modulax.com.br\/"},{"@type":"ListItem","position":2,"name":"Unidades de Neg\u00f3cio","item":"https:\/\/modulax.com.br\/unidades-de-negocio\/"},{"@type":"ListItem","position":3,"name":"Modulax Siderurgia","item":"https:\/\/modulax.com.br\/unidades-de-negocio\/siderurgia\/"},{"@type":"ListItem","position":4,"name":"Seja Fornecedor"}]}]}},"_links":{"self":[{"href":"https:\/\/modulax.com.br\/es\/wp-json\/wp\/v2\/pages\/319"}],"collection":[{"href":"https:\/\/modulax.com.br\/es\/wp-json\/wp\/v2\/pages"}],"about":[{"href":"https:\/\/modulax.com.br\/es\/wp-json\/wp\/v2\/types\/page"}],"author":[{"embeddable":true,"href":"https:\/\/modulax.com.br\/es\/wp-json\/wp\/v2\/users\/4"}],"replies":[{"embeddable":true,"href":"https:\/\/modulax.com.br\/es\/wp-json\/wp\/v2\/comments?post=319"}],"version-history":[{"count":7,"href":"https:\/\/modulax.com.br\/es\/wp-json\/wp\/v2\/pages\/319\/revisions"}],"predecessor-version":[{"id":2797,"href":"https:\/\/modulax.com.br\/es\/wp-json\/wp\/v2\/pages\/319\/revisions\/2797"}],"up":[{"embeddable":true,"href":"https:\/\/modulax.com.br\/es\/wp-json\/wp\/v2\/pages\/141"}],"wp:featuredmedia":[{"embeddable":true,"href":"https:\/\/modulax.com.br\/es\/wp-json\/wp\/v2\/media\/273"}],"wp:attachment":[{"href":"https:\/\/modulax.com.br\/es\/wp-json\/wp\/v2\/media?parent=319"}],"curies":[{"name":"wp","href":"https:\/\/api.w.org\/{rel}","templated":true}]}}